{"id":3,"date":"2025-07-18T01:34:24","date_gmt":"2025-07-18T01:34:24","guid":{"rendered":"https:\/\/northa.growdevs.com\/?page_id=3"},"modified":"2026-01-05T20:36:53","modified_gmt":"2026-01-05T20:36:53","slug":"integritetspolicy","status":"publish","type":"page","link":"https:\/\/northalbaniaboat.com\/sv\/integritetspolicy\/","title":{"rendered":"Integritetspolicy"},"content":{"rendered":"<h1 class=\"gb-text\">Integritetspolicy<\/h1>\n\n\n\n<p>Vid&nbsp;<strong>Norra Albanien B\u00e5t<\/strong>, v\u00e4rdes\u00e4tter vi din integritet och \u00e4r fast beslutna att skydda din personliga information. Denna sekretesspolicy beskriver hur vi samlar in, anv\u00e4nder och skyddar dina uppgifter n\u00e4r du bes\u00f6ker v\u00e5r webbplats, bokar en tur eller interagerar med v\u00e5ra tj\u00e4nster.<\/p>\n\n\n\n<p><strong>1. Information som vi samlar in<\/strong><\/p>\n\n\n\n<p>Vi kan samla in f\u00f6ljande typer av personlig information:<\/p>\n\n\n\n<ul class=\"wp-block-list\">\n<li><strong>Personlig identifieringsinformation<\/strong>: Namn, e-postadress, telefonnummer, adress etc., n\u00e4r du bokar en resa eller kontaktar oss.<\/li>\n\n\n\n<li><strong>Loggdata<\/strong>: Information som skickas av din webbl\u00e4sare n\u00e4r du bes\u00f6ker v\u00e5r webbplats, inklusive IP-adresser, webbl\u00e4sartyper, bes\u00f6kta sidor och bes\u00f6kstider.<\/li>\n<\/ul>\n\n\n\n<p><strong>2. Hur vi anv\u00e4nder din information<\/strong><\/p>\n\n\n\n<p>Vi anv\u00e4nder den insamlade informationen f\u00f6r f\u00f6ljande \u00e4ndam\u00e5l:<\/p>\n\n\n\n<ul class=\"wp-block-list\">\n<li>F\u00f6r att behandla bokningar och bekr\u00e4fta dina resebokningar.<\/li>\n\n\n\n<li>F\u00f6r att skicka dig uppdateringar eller kampanjerbjudanden relaterade till v\u00e5ra turer.<\/li>\n\n\n\n<li>F\u00f6r att tillhandah\u00e5lla kundsupport och svara p\u00e5 dina f\u00f6rfr\u00e5gningar.<\/li>\n\n\n\n<li>F\u00f6r att f\u00f6rb\u00e4ttra v\u00e5r webbplats, v\u00e5ra tj\u00e4nster och v\u00e5r kundupplevelse.<\/li>\n<\/ul>\n\n\n\n<p><strong>3. Hur vi skyddar din information<\/strong><\/p>\n\n\n\n<p>Vi genomf\u00f6r en rad olika s\u00e4kerhets\u00e5tg\u00e4rder f\u00f6r att uppr\u00e4tth\u00e5lla s\u00e4kerheten f\u00f6r dina personuppgifter n\u00e4r du g\u00f6r en best\u00e4llning eller f\u00e5r tillg\u00e5ng till dina personuppgifter. Detta inkluderar s\u00e4kra servrar, krypterade anslutningar och \u00e5tkomstbegr\u00e4nsningar.<\/p>\n\n\n\n<p><strong>4. Delning av din information<\/strong><\/p>\n\n\n\n<p>Vi s\u00e4ljer, byter eller hyr inte ut din personliga information till tredje part. Vi kan dock dela information med betrodda partners och tj\u00e4nsteleverant\u00f6rer som hj\u00e4lper oss att driva v\u00e5r verksamhet, till exempel betalningsbehandlare eller e-posttj\u00e4nstleverant\u00f6rer. Dessa tredje parter \u00e4r skyldiga att uppr\u00e4tth\u00e5lla sekretessen f\u00f6r din information.<\/p>\n\n\n\n<p><strong>5. Kakor<\/strong><\/p>\n\n\n\n<p>V\u00e5r webbplats kan anv\u00e4nda cookies f\u00f6r att f\u00f6rb\u00e4ttra anv\u00e4ndarupplevelsen. Cookies \u00e4r sm\u00e5 filer som lagras p\u00e5 din enhet och som hj\u00e4lper oss att komma ih\u00e5g dina preferenser och f\u00f6rb\u00e4ttra funktionaliteten. Du kan hantera cookie-inst\u00e4llningar via inst\u00e4llningarna i din webbl\u00e4sare.<\/p>\n\n\n\n<p><strong>6. L\u00e4nkar till tredje part<\/strong><\/p>\n\n\n\n<p>V\u00e5r webbplats kan inneh\u00e5lla l\u00e4nkar till tredje parts webbplatser. Vi ansvarar inte f\u00f6r integritetsskyddet p\u00e5 dessa externa webbplatser. Vi uppmanar dig att l\u00e4sa deras integritetspolicy n\u00e4r du bes\u00f6ker dessa webbplatser.<\/p>\n\n\n\n<p><strong>7. Dina r\u00e4ttigheter<\/strong><\/p>\n\n\n\n<p>Du har r\u00e4tt till:<\/p>\n\n\n\n<ul class=\"wp-block-list\">\n<li>F\u00e5 tillg\u00e5ng till, uppdatera eller korrigera din personliga information.<\/li>\n\n\n\n<li>Beg\u00e4ra radering av dina uppgifter, med f\u00f6rbeh\u00e5ll f\u00f6r r\u00e4ttsliga skyldigheter.<\/li>\n\n\n\n<li>Du kan n\u00e4r som helst v\u00e4lja att inte l\u00e4ngre ta emot e-post med marknadsf\u00f6ring genom att klicka p\u00e5 \u201cavsluta prenumeration\u201d eller kontakta oss.<\/li>\n<\/ul>\n\n\n\n<p><strong>8. \u00c4ndringar av denna integritetspolicy<\/strong><\/p>\n\n\n\n<p>Vi f\u00f6rbeh\u00e5ller oss r\u00e4tten att n\u00e4r som helst uppdatera denna integritetspolicy. Eventuella \u00e4ndringar kommer att publiceras p\u00e5 denna sida med det uppdaterade datumet. Vi uppmuntrar dig att regelbundet l\u00e4sa igenom denna integritetspolicy.<\/p>\n\n\n\n<p><strong>9. Kontakta oss<\/strong><\/p>\n\n\n\n<p>Om du har n\u00e5gra fr\u00e5gor eller funderingar om denna integritetspolicy eller v\u00e5r praxis, v\u00e4nligen kontakta oss p\u00e5<\/p>\n\n\n\n<p><strong>Norra Albanien B\u00e5t<\/strong><br>E-post: info@northalbaniaboat.com<br>WhatsApp: +355 69 701 1334<br>Webbplats: https:\/\/northalbaniaboat.com\/<\/p>\n\n\n\n<p><\/p>","protected":false},"excerpt":{"rendered":"<p>Privacy Policy At&nbsp;North Albania Boat, we value your privacy and are committed to protecting your personal information. This Privacy Policy outlines how we collect, use, and protect your data when you visit our website, book a tour, or interact with our services. 1. Information We Collect We may collect the following types of personal information: &#8230; <a title=\"Integritetspolicy\" class=\"read-more\" href=\"https:\/\/northalbaniaboat.com\/sv\/integritetspolicy\/\" aria-label=\"L\u00e4s mer om Privacy Policy\">L\u00e4s mer<\/a><\/p>","protected":false},"author":1,"featured_media":0,"parent":0,"menu_order":0,"comment_status":"closed","ping_status":"open","template":"","meta":{"_acf_changed":false,"inline_featured_image":false,"footnotes":""},"class_list":["post-3","page","type-page","status-publish"],"acf":[],"yoast_head":"<!-- This site is optimized with the Yoast SEO plugin v26.3 - https:\/\/yoast.com\/wordpress\/plugins\/seo\/ -->\n<title>Privacy Policy - North Albania Boat<\/title>\n<meta name=\"robots\" content=\"index, follow, max-snippet:-1, max-image-preview:large, max-video-preview:-1\" \/>\n<link rel=\"canonical\" href=\"https:\/\/northalbaniaboat.com\/sv\/integritetspolicy\/\" \/>\n<meta property=\"og:locale\" content=\"sv_SE\" \/>\n<meta property=\"og:type\" content=\"article\" \/>\n<meta property=\"og:title\" content=\"Privacy Policy - North Albania Boat\" \/>\n<meta property=\"og:description\" content=\"Privacy Policy At&nbsp;North Albania Boat, we value your privacy and are committed to protecting your personal information. This Privacy Policy outlines how we collect, use, and protect your data when you visit our website, book a tour, or interact with our services. 1. Information We Collect We may collect the following types of personal information: ... L\u00e4s mer\" \/>\n<meta property=\"og:url\" content=\"https:\/\/northalbaniaboat.com\/sv\/integritetspolicy\/\" \/>\n<meta property=\"og:site_name\" content=\"North Albania Boat\" \/>\n<meta property=\"article:publisher\" content=\"https:\/\/www.facebook.com\/NorthAlbaniaBoat\/\" \/>\n<meta property=\"article:modified_time\" content=\"2026-01-05T20:36:53+00:00\" \/>\n<meta property=\"og:image\" content=\"https:\/\/northalbaniaboat.com\/wp-content\/uploads\/2025\/07\/north-albania-slide-hq-scaled-1.jpg\" \/>\n\t<meta property=\"og:image:width\" content=\"2560\" \/>\n\t<meta property=\"og:image:height\" content=\"1465\" \/>\n\t<meta property=\"og:image:type\" content=\"image\/jpeg\" \/>\n<meta name=\"twitter:card\" content=\"summary_large_image\" \/>\n<meta name=\"twitter:site\" content=\"@NorthAlbBoat\" \/>\n<meta name=\"twitter:label1\" content=\"Ber\u00e4knad l\u00e4stid\" \/>\n\t<meta name=\"twitter:data1\" content=\"2 minuter\" \/>\n<script type=\"application\/ld+json\" class=\"yoast-schema-graph\">{\"@context\":\"https:\/\/schema.org\",\"@graph\":[{\"@type\":\"WebPage\",\"@id\":\"https:\/\/northalbaniaboat.com\/privacy-policy\/\",\"url\":\"https:\/\/northalbaniaboat.com\/privacy-policy\/\",\"name\":\"Privacy Policy - North Albania Boat\",\"isPartOf\":{\"@id\":\"https:\/\/northalbaniaboat.com\/#website\"},\"datePublished\":\"2025-07-18T01:34:24+00:00\",\"dateModified\":\"2026-01-05T20:36:53+00:00\",\"breadcrumb\":{\"@id\":\"https:\/\/northalbaniaboat.com\/privacy-policy\/#breadcrumb\"},\"inLanguage\":\"sv-SE\",\"potentialAction\":[{\"@type\":\"ReadAction\",\"target\":[\"https:\/\/northalbaniaboat.com\/privacy-policy\/\"]}]},{\"@type\":\"BreadcrumbList\",\"@id\":\"https:\/\/northalbaniaboat.com\/privacy-policy\/#breadcrumb\",\"itemListElement\":[{\"@type\":\"ListItem\",\"position\":1,\"name\":\"Home\",\"item\":\"https:\/\/northalbaniaboat.com\/\"},{\"@type\":\"ListItem\",\"position\":2,\"name\":\"Privacy Policy\"}]},{\"@type\":\"WebSite\",\"@id\":\"https:\/\/northalbaniaboat.com\/#website\",\"url\":\"https:\/\/northalbaniaboat.com\/\",\"name\":\"North Albania Boat\",\"description\":\"Visit Komani Lake and Shala River by Safari Boat\",\"publisher\":{\"@id\":\"https:\/\/northalbaniaboat.com\/#organization\"},\"alternateName\":\"Komani Lake & Shala River Tours\",\"potentialAction\":[{\"@type\":\"SearchAction\",\"target\":{\"@type\":\"EntryPoint\",\"urlTemplate\":\"https:\/\/northalbaniaboat.com\/?s={search_term_string}\"},\"query-input\":{\"@type\":\"PropertyValueSpecification\",\"valueRequired\":true,\"valueName\":\"search_term_string\"}}],\"inLanguage\":\"sv-SE\"},{\"@type\":\"Organization\",\"@id\":\"https:\/\/northalbaniaboat.com\/#organization\",\"name\":\"North Albania Boat\",\"url\":\"https:\/\/northalbaniaboat.com\/\",\"logo\":{\"@type\":\"ImageObject\",\"inLanguage\":\"sv-SE\",\"@id\":\"https:\/\/northalbaniaboat.com\/#\/schema\/logo\/image\/\",\"url\":\"https:\/\/northalbaniaboat.com\/wp-content\/uploads\/2025\/07\/logo.svg\",\"contentUrl\":\"https:\/\/northalbaniaboat.com\/wp-content\/uploads\/2025\/07\/logo.svg\",\"width\":1280,\"height\":587,\"caption\":\"North Albania Boat\"},\"image\":{\"@id\":\"https:\/\/northalbaniaboat.com\/#\/schema\/logo\/image\/\"},\"sameAs\":[\"https:\/\/www.facebook.com\/NorthAlbaniaBoat\/\",\"https:\/\/x.com\/NorthAlbBoat\",\"https:\/\/www.instagram.com\/northalbaniaboat\/\",\"https:\/\/www.youtube.com\/@NorthAlbaniaBoat\"]}]}<\/script>\n<!-- \/ Yoast SEO plugin. -->","yoast_head_json":{"title":"Integritetspolicy - Norra Albaniens b\u00e5t","robots":{"index":"index","follow":"follow","max-snippet":"max-snippet:-1","max-image-preview":"max-image-preview:large","max-video-preview":"max-video-preview:-1"},"canonical":"https:\/\/northalbaniaboat.com\/sv\/integritetspolicy\/","og_locale":"sv_SE","og_type":"article","og_title":"Privacy Policy - North Albania Boat","og_description":"Privacy Policy At&nbsp;North Albania Boat, we value your privacy and are committed to protecting your personal information. This Privacy Policy outlines how we collect, use, and protect your data when you visit our website, book a tour, or interact with our services. 1. Information We Collect We may collect the following types of personal information: ... L\u00e4s mer","og_url":"https:\/\/northalbaniaboat.com\/sv\/integritetspolicy\/","og_site_name":"North Albania Boat","article_publisher":"https:\/\/www.facebook.com\/NorthAlbaniaBoat\/","article_modified_time":"2026-01-05T20:36:53+00:00","og_image":[{"width":2560,"height":1465,"url":"https:\/\/northalbaniaboat.com\/wp-content\/uploads\/2025\/07\/north-albania-slide-hq-scaled-1.jpg","type":"image\/jpeg"}],"twitter_card":"summary_large_image","twitter_site":"@NorthAlbBoat","twitter_misc":{"Ber\u00e4knad l\u00e4stid":"2 minuter"},"schema":{"@context":"https:\/\/schema.org","@graph":[{"@type":"WebPage","@id":"https:\/\/northalbaniaboat.com\/privacy-policy\/","url":"https:\/\/northalbaniaboat.com\/privacy-policy\/","name":"Integritetspolicy - Norra Albaniens b\u00e5t","isPartOf":{"@id":"https:\/\/northalbaniaboat.com\/#website"},"datePublished":"2025-07-18T01:34:24+00:00","dateModified":"2026-01-05T20:36:53+00:00","breadcrumb":{"@id":"https:\/\/northalbaniaboat.com\/privacy-policy\/#breadcrumb"},"inLanguage":"sv-SE","potentialAction":[{"@type":"ReadAction","target":["https:\/\/northalbaniaboat.com\/privacy-policy\/"]}]},{"@type":"BreadcrumbList","@id":"https:\/\/northalbaniaboat.com\/privacy-policy\/#breadcrumb","itemListElement":[{"@type":"ListItem","position":1,"name":"Home","item":"https:\/\/northalbaniaboat.com\/"},{"@type":"ListItem","position":2,"name":"Privacy Policy"}]},{"@type":"WebSite","@id":"https:\/\/northalbaniaboat.com\/#website","url":"https:\/\/northalbaniaboat.com\/","name":"Norra Albanien B\u00e5t","description":"Bes\u00f6k Komani-sj\u00f6n och Shala-floden med safarib\u00e5t","publisher":{"@id":"https:\/\/northalbaniaboat.com\/#organization"},"alternateName":"Komani Lake & Shala River Tours","potentialAction":[{"@type":"SearchAction","target":{"@type":"EntryPoint","urlTemplate":"https:\/\/northalbaniaboat.com\/?s={search_term_string}"},"query-input":{"@type":"PropertyValueSpecification","valueRequired":true,"valueName":"search_term_string"}}],"inLanguage":"sv-SE"},{"@type":"Organization","@id":"https:\/\/northalbaniaboat.com\/#organization","name":"Norra Albanien B\u00e5t","url":"https:\/\/northalbaniaboat.com\/","logo":{"@type":"ImageObject","inLanguage":"sv-SE","@id":"https:\/\/northalbaniaboat.com\/#\/schema\/logo\/image\/","url":"https:\/\/northalbaniaboat.com\/wp-content\/uploads\/2025\/07\/logo.svg","contentUrl":"https:\/\/northalbaniaboat.com\/wp-content\/uploads\/2025\/07\/logo.svg","width":1280,"height":587,"caption":"North Albania Boat"},"image":{"@id":"https:\/\/northalbaniaboat.com\/#\/schema\/logo\/image\/"},"sameAs":["https:\/\/www.facebook.com\/NorthAlbaniaBoat\/","https:\/\/x.com\/NorthAlbBoat","https:\/\/www.instagram.com\/northalbaniaboat\/","https:\/\/www.youtube.com\/@NorthAlbaniaBoat"]}]}},"_links":{"self":[{"href":"https:\/\/northalbaniaboat.com\/sv\/wp-json\/wp\/v2\/pages\/3","targetHints":{"allow":["GET"]}}],"collection":[{"href":"https:\/\/northalbaniaboat.com\/sv\/wp-json\/wp\/v2\/pages"}],"about":[{"href":"https:\/\/northalbaniaboat.com\/sv\/wp-json\/wp\/v2\/types\/page"}],"author":[{"embeddable":true,"href":"https:\/\/northalbaniaboat.com\/sv\/wp-json\/wp\/v2\/users\/1"}],"replies":[{"embeddable":true,"href":"https:\/\/northalbaniaboat.com\/sv\/wp-json\/wp\/v2\/comments?post=3"}],"version-history":[{"count":2,"href":"https:\/\/northalbaniaboat.com\/sv\/wp-json\/wp\/v2\/pages\/3\/revisions"}],"predecessor-version":[{"id":24821,"href":"https:\/\/northalbaniaboat.com\/sv\/wp-json\/wp\/v2\/pages\/3\/revisions\/24821"}],"wp:attachment":[{"href":"https:\/\/northalbaniaboat.com\/sv\/wp-json\/wp\/v2\/media?parent=3"}],"curies":[{"name":"wp","href":"https:\/\/api.w.org\/{rel}","templated":true}]}}