{"id":557,"date":"2025-07-20T22:48:53","date_gmt":"2025-07-20T22:48:53","guid":{"rendered":"https:\/\/northa.growdevs.com\/?page_id=557"},"modified":"2025-07-30T22:26:37","modified_gmt":"2025-07-30T22:26:37","slug":"trasy","status":"publish","type":"page","link":"https:\/\/northalbaniaboat.com\/pl\/trasy\/","title":{"rendered":"Trasy"},"content":{"rendered":"<div>\n<div class=\"normal-container\">\n<h2 class=\"gb-text gb-text-7d8008b3\">Znajd\u017a swoj\u0105 tras\u0119 do Jezioro Koman<\/h2>\n\n\n\n<p class=\"gb-text gb-text-5dca7c0e\">Niezale\u017cnie od tego, czy podr\u00f3\u017cujesz samodzielnie, czy korzystasz z naszego opcjonalnego transportu autobusowego, te szczeg\u00f3\u0142owe trasy z \u0142atwo\u015bci\u0105 poprowadz\u0105 Ci\u0119 nad jezioro Koman. Wybierz tras\u0119, kt\u00f3ra pasuje do Twojej lokalizacji pocz\u0105tkowej i zaplanuj podr\u00f3\u017c bez wysi\u0142ku!<\/p>\n\n\n\n<div>\n<div class=\"gb-element-a26effa7\">\n<h4 class=\"gb-text gb-text-115f2aa2\">Z Tirany nad jezioro Koman<\/h4>\n\n\n\n<div class=\"gb-text-fbcae09c\"><span class=\"gb-shape\"><svg xmlns=\"http:\/\/www.w3.org\/2000\/svg\" viewbox=\"0 0 36 36\"><ellipse fill=\"#292F33\" cx=\"18\" cy=\"34.5\" rx=\"4\" ry=\"1.5\"><\/ellipse><path fill=\"#99AAB5\" d=\"M14.339 10.725S16.894 34.998 18.001 35c1.106.001 3.66-24.275 3.66-24.275h-7.322z\"><\/path><circle fill=\"#DD2E44\" cx=\"18\" cy=\"8\" r=\"8\"><\/circle><\/svg><\/span><span class=\"gb-text\"><strong>Punkt pocz\u0105tkowy<\/strong>: Tirana<\/span><\/div>\n\n\n\n<div class=\"gb-text-04eada20\"><span class=\"gb-shape\"><svg xmlns=\"http:\/\/www.w3.org\/2000\/svg\" viewbox=\"0 0 36 36\"><path fill=\"#808285\" d=\"M0 21v7c0 1.657 1.343 3 3 3h30c1.657 0 3-1.343 3-3v-7H0z\"><\/path><path fill=\"#CCD6DD\" d=\"M36 22v-9c0-1.657-3.343-3-5-3H11c-8 0-11 2.343-11 4v8h36z\"><\/path><path fill=\"#939598\" d=\"M0 22h36v3H0z\"><\/path><path fill=\"#BCBEC0\" d=\"M7 25c-3.063 0-5.586 2.298-5.95 5.263.526.453 1.202.737 1.95.737h10c0-3.313-2.686-6-6-6zm27.95 5.263C34.586 27.298 32.063 25 29 25c-3.313 0-6 2.687-6 6h10c.749 0 1.425-.284 1.95-.737z\"><\/path><circle cx=\"7\" cy=\"31\" r=\"4\"><\/circle><circle fill=\"#99AAB5\" cx=\"7\" cy=\"31\" r=\"2\"><\/circle><circle cx=\"29\" cy=\"31\" r=\"4\"><\/circle><circle fill=\"#99AAB5\" cx=\"29\" cy=\"31\" r=\"2\"><\/circle><path fill=\"#F4900C\" d=\"M0 25h1v2H0zm35-2h1v2h-1z\"><\/path><path fill=\"#58595B\" d=\"M1 13h35v10H1z\"><\/path><path fill=\"#292F33\" d=\"M2 13H.342C.11 13.344 0 13.685 0 14v11h2c1.104 0 2-.896 2-2v-8c0-1.104-.896-2-2-2z\"><\/path><path fill=\"#55ACEE\" d=\"M31 20c0 .553-.447 1-1 1H7c-.552 0-1-.447-1-1v-4c0-.552.448-1 1-1h23c.553 0 1 .448 1 1v4z\"><\/path><path fill=\"#FFAC33\" d=\"M35 19h1v2h-1z\"><\/path><path fill=\"#55ACEE\" d=\"M1 15H0v8h1c.552 0 1-.447 1-1v-6c0-.552-.448-1-1-1z\"><\/path><\/svg><\/span><span class=\"gb-text\"><strong>Nasza trasa autobusowa<\/strong>: Podr\u00f3\u017cni z Tirany wsiadaj\u0105 do naszego autobusu w punkcie odbioru. Trasa prowadzi przez malownicze krajobrazy, docieraj\u0105c bezpo\u015brednio do jeziora Koman.<\/span><\/div>\n\n\n\n<div class=\"gb-text-6376961d\"><span class=\"gb-shape\"><svg xmlns=\"http:\/\/www.w3.org\/2000\/svg\" viewbox=\"0 0 36 36\"><path fill=\"#3B88C3\" d=\"M36 32c0 2.209-1.791 4-4 4H4c-2.209 0-4-1.791-4-4V4c0-2.209 1.791-4 4-4h28c2.209 0 4 1.791 4 4v28z\"><\/path><path fill=\"#FFF\" d=\"M7 14h9V7l13 11-13 11v-7H7z\"><\/path><\/svg><\/span><span class=\"gb-text\"><strong>Trasa Google Maps<\/strong>:&nbsp;<\/span><\/div>\n\n\n\n<div class=\"gb-element-d087d340\">\n<a class=\"gb-text primary-button\" href=\"https:\/\/maps.app.goo.gl\/QtEyHWatjRMz1r5C7\">Wy\u015bwietl wskaz\u00f3wki<\/a>\n<\/div>\n<\/div>\n\n\n\n<div class=\"gb-element-5d896a03\">\n<h4 class=\"gb-text gb-text-bb9711ee\">Z Durres do jeziora Koman<\/h4>\n\n\n\n<div class=\"gb-text-4b451c49\"><span class=\"gb-shape\"><svg xmlns=\"http:\/\/www.w3.org\/2000\/svg\" viewbox=\"0 0 36 36\"><ellipse fill=\"#292F33\" cx=\"18\" cy=\"34.5\" rx=\"4\" ry=\"1.5\"><\/ellipse><path fill=\"#99AAB5\" d=\"M14.339 10.725S16.894 34.998 18.001 35c1.106.001 3.66-24.275 3.66-24.275h-7.322z\"><\/path><circle fill=\"#DD2E44\" cx=\"18\" cy=\"8\" r=\"8\"><\/circle><\/svg><\/span><span class=\"gb-text\"><strong>Punkt pocz\u0105tkowy<\/strong>: Durres<\/span><\/div>\n\n\n\n<div class=\"gb-text-5a3bbbc3\"><span class=\"gb-shape\"><svg xmlns=\"http:\/\/www.w3.org\/2000\/svg\" viewbox=\"0 0 36 36\"><path fill=\"#808285\" d=\"M0 21v7c0 1.657 1.343 3 3 3h30c1.657 0 3-1.343 3-3v-7H0z\"><\/path><path fill=\"#CCD6DD\" d=\"M36 22v-9c0-1.657-3.343-3-5-3H11c-8 0-11 2.343-11 4v8h36z\"><\/path><path fill=\"#939598\" d=\"M0 22h36v3H0z\"><\/path><path fill=\"#BCBEC0\" d=\"M7 25c-3.063 0-5.586 2.298-5.95 5.263.526.453 1.202.737 1.95.737h10c0-3.313-2.686-6-6-6zm27.95 5.263C34.586 27.298 32.063 25 29 25c-3.313 0-6 2.687-6 6h10c.749 0 1.425-.284 1.95-.737z\"><\/path><circle cx=\"7\" cy=\"31\" r=\"4\"><\/circle><circle fill=\"#99AAB5\" cx=\"7\" cy=\"31\" r=\"2\"><\/circle><circle cx=\"29\" cy=\"31\" r=\"4\"><\/circle><circle fill=\"#99AAB5\" cx=\"29\" cy=\"31\" r=\"2\"><\/circle><path fill=\"#F4900C\" d=\"M0 25h1v2H0zm35-2h1v2h-1z\"><\/path><path fill=\"#58595B\" d=\"M1 13h35v10H1z\"><\/path><path fill=\"#292F33\" d=\"M2 13H.342C.11 13.344 0 13.685 0 14v11h2c1.104 0 2-.896 2-2v-8c0-1.104-.896-2-2-2z\"><\/path><path fill=\"#55ACEE\" d=\"M31 20c0 .553-.447 1-1 1H7c-.552 0-1-.447-1-1v-4c0-.552.448-1 1-1h23c.553 0 1 .448 1 1v4z\"><\/path><path fill=\"#FFAC33\" d=\"M35 19h1v2h-1z\"><\/path><path fill=\"#55ACEE\" d=\"M1 15H0v8h1c.552 0 1-.447 1-1v-6c0-.552-.448-1-1-1z\"><\/path><\/svg><\/span><span class=\"gb-text\"><strong>Nasza trasa autobusowa<\/strong>: Rozpocznij w naszym punkcie odbioru w Durres, a nast\u0119pnie do\u0142\u0105cz do naszego autobusu w Tiranie, aby kontynuowa\u0107 podr\u00f3\u017c do jeziora Koman.<\/span><\/div>\n\n\n\n<div class=\"gb-text-ab339009\"><span class=\"gb-shape\"><svg xmlns=\"http:\/\/www.w3.org\/2000\/svg\" viewbox=\"0 0 36 36\"><path fill=\"#3B88C3\" d=\"M36 32c0 2.209-1.791 4-4 4H4c-2.209 0-4-1.791-4-4V4c0-2.209 1.791-4 4-4h28c2.209 0 4 1.791 4 4v28z\"><\/path><path fill=\"#FFF\" d=\"M7 14h9V7l13 11-13 11v-7H7z\"><\/path><\/svg><\/span><span class=\"gb-text\"><strong>Trasa Google Maps<\/strong>:&nbsp;<\/span><\/div>\n\n\n\n<div class=\"gb-element-8642754e\">\n<a class=\"gb-text primary-button\" href=\"https:\/\/maps.app.goo.gl\/zEwd8ooinXaV8gBZ8\">Wy\u015bwietl wskaz\u00f3wki<\/a>\n<\/div>\n<\/div>\n\n\n\n<div class=\"gb-element-a707015e\">\n<h4 class=\"gb-text gb-text-907af5e8\">Od Lezhe do jeziora Koman<\/h4>\n\n\n\n<div class=\"gb-text-967cf161\"><span class=\"gb-shape\"><svg xmlns=\"http:\/\/www.w3.org\/2000\/svg\" viewbox=\"0 0 36 36\"><ellipse fill=\"#292F33\" cx=\"18\" cy=\"34.5\" rx=\"4\" ry=\"1.5\"><\/ellipse><path fill=\"#99AAB5\" d=\"M14.339 10.725S16.894 34.998 18.001 35c1.106.001 3.66-24.275 3.66-24.275h-7.322z\"><\/path><circle fill=\"#DD2E44\" cx=\"18\" cy=\"8\" r=\"8\"><\/circle><\/svg><\/span><span class=\"gb-text\"><strong>Punkt pocz\u0105tkowy<\/strong>: Lezhe<\/span><\/div>\n\n\n\n<div class=\"gb-text-ee294cf5\"><span class=\"gb-shape\"><svg xmlns=\"http:\/\/www.w3.org\/2000\/svg\" viewbox=\"0 0 36 36\"><path fill=\"#808285\" d=\"M0 21v7c0 1.657 1.343 3 3 3h30c1.657 0 3-1.343 3-3v-7H0z\"><\/path><path fill=\"#CCD6DD\" d=\"M36 22v-9c0-1.657-3.343-3-5-3H11c-8 0-11 2.343-11 4v8h36z\"><\/path><path fill=\"#939598\" d=\"M0 22h36v3H0z\"><\/path><path fill=\"#BCBEC0\" d=\"M7 25c-3.063 0-5.586 2.298-5.95 5.263.526.453 1.202.737 1.95.737h10c0-3.313-2.686-6-6-6zm27.95 5.263C34.586 27.298 32.063 25 29 25c-3.313 0-6 2.687-6 6h10c.749 0 1.425-.284 1.95-.737z\"><\/path><circle cx=\"7\" cy=\"31\" r=\"4\"><\/circle><circle fill=\"#99AAB5\" cx=\"7\" cy=\"31\" r=\"2\"><\/circle><circle cx=\"29\" cy=\"31\" r=\"4\"><\/circle><circle fill=\"#99AAB5\" cx=\"29\" cy=\"31\" r=\"2\"><\/circle><path fill=\"#F4900C\" d=\"M0 25h1v2H0zm35-2h1v2h-1z\"><\/path><path fill=\"#58595B\" d=\"M1 13h35v10H1z\"><\/path><path fill=\"#292F33\" d=\"M2 13H.342C.11 13.344 0 13.685 0 14v11h2c1.104 0 2-.896 2-2v-8c0-1.104-.896-2-2-2z\"><\/path><path fill=\"#55ACEE\" d=\"M31 20c0 .553-.447 1-1 1H7c-.552 0-1-.447-1-1v-4c0-.552.448-1 1-1h23c.553 0 1 .448 1 1v4z\"><\/path><path fill=\"#FFAC33\" d=\"M35 19h1v2h-1z\"><\/path><path fill=\"#55ACEE\" d=\"M1 15H0v8h1c.552 0 1-.447 1-1v-6c0-.552-.448-1-1-1z\"><\/path><\/svg><\/span><span class=\"gb-text\"><strong>Nasza trasa autobusowa<\/strong>: Spotkajmy si\u0119 na naszym dworcu autobusowym w Lezhe i cieszmy si\u0119 wygodn\u0105 przeja\u017cd\u017ck\u0105 do jeziora Koman przez malownicze krajobrazy.<\/span><\/div>\n\n\n\n<div class=\"gb-text-cb631dde\"><span class=\"gb-shape\"><svg xmlns=\"http:\/\/www.w3.org\/2000\/svg\" viewbox=\"0 0 36 36\"><path fill=\"#3B88C3\" d=\"M36 32c0 2.209-1.791 4-4 4H4c-2.209 0-4-1.791-4-4V4c0-2.209 1.791-4 4-4h28c2.209 0 4 1.791 4 4v28z\"><\/path><path fill=\"#FFF\" d=\"M7 14h9V7l13 11-13 11v-7H7z\"><\/path><\/svg><\/span><span class=\"gb-text\"><strong>Trasa Google Maps<\/strong>:&nbsp;<\/span><\/div>\n\n\n\n<div class=\"gb-element-bfd3edf4\">\n<a class=\"gb-text primary-button\" href=\"https:\/\/maps.app.goo.gl\/sJ8wHmcnsZZW4Ufx8\">Wy\u015bwietl wskaz\u00f3wki<\/a>\n<\/div>\n<\/div>\n\n\n\n<div class=\"gb-element-c453e8cf\">\n<h4 class=\"gb-text gb-text-a2581201\">Od Shkoder do jeziora Koman<\/h4>\n\n\n\n<div class=\"gb-text-4682f9f4\"><span class=\"gb-shape\"><svg xmlns=\"http:\/\/www.w3.org\/2000\/svg\" viewbox=\"0 0 36 36\"><ellipse fill=\"#292F33\" cx=\"18\" cy=\"34.5\" rx=\"4\" ry=\"1.5\"><\/ellipse><path fill=\"#99AAB5\" d=\"M14.339 10.725S16.894 34.998 18.001 35c1.106.001 3.66-24.275 3.66-24.275h-7.322z\"><\/path><circle fill=\"#DD2E44\" cx=\"18\" cy=\"8\" r=\"8\"><\/circle><\/svg><\/span><span class=\"gb-text\"><strong>Punkt pocz\u0105tkowy<\/strong>: Shkoder<\/span><\/div>\n\n\n\n<div class=\"gb-text-521fd593\"><span class=\"gb-shape\"><svg xmlns=\"http:\/\/www.w3.org\/2000\/svg\" viewbox=\"0 0 36 36\"><path fill=\"#808285\" d=\"M0 21v7c0 1.657 1.343 3 3 3h30c1.657 0 3-1.343 3-3v-7H0z\"><\/path><path fill=\"#CCD6DD\" d=\"M36 22v-9c0-1.657-3.343-3-5-3H11c-8 0-11 2.343-11 4v8h36z\"><\/path><path fill=\"#939598\" d=\"M0 22h36v3H0z\"><\/path><path fill=\"#BCBEC0\" d=\"M7 25c-3.063 0-5.586 2.298-5.95 5.263.526.453 1.202.737 1.95.737h10c0-3.313-2.686-6-6-6zm27.95 5.263C34.586 27.298 32.063 25 29 25c-3.313 0-6 2.687-6 6h10c.749 0 1.425-.284 1.95-.737z\"><\/path><circle cx=\"7\" cy=\"31\" r=\"4\"><\/circle><circle fill=\"#99AAB5\" cx=\"7\" cy=\"31\" r=\"2\"><\/circle><circle cx=\"29\" cy=\"31\" r=\"4\"><\/circle><circle fill=\"#99AAB5\" cx=\"29\" cy=\"31\" r=\"2\"><\/circle><path fill=\"#F4900C\" d=\"M0 25h1v2H0zm35-2h1v2h-1z\"><\/path><path fill=\"#58595B\" d=\"M1 13h35v10H1z\"><\/path><path fill=\"#292F33\" d=\"M2 13H.342C.11 13.344 0 13.685 0 14v11h2c1.104 0 2-.896 2-2v-8c0-1.104-.896-2-2-2z\"><\/path><path fill=\"#55ACEE\" d=\"M31 20c0 .553-.447 1-1 1H7c-.552 0-1-.447-1-1v-4c0-.552.448-1 1-1h23c.553 0 1 .448 1 1v4z\"><\/path><path fill=\"#FFAC33\" d=\"M35 19h1v2h-1z\"><\/path><path fill=\"#55ACEE\" d=\"M1 15H0v8h1c.552 0 1-.447 1-1v-6c0-.552-.448-1-1-1z\"><\/path><\/svg><\/span><span class=\"gb-text\"><strong>Nasza trasa autobusowa<\/strong>: Spotkajmy si\u0119 w pobli\u017cu&nbsp;<strong>Sheshi Demokracia<\/strong>&nbsp;w Shkoder. Podr\u00f3\u017cuj bezpo\u015brednio do jeziora Koman naszym autobusem, podziwiaj\u0105c po drodze wspania\u0142e g\u00f3rskie widoki.<\/span><\/div>\n\n\n\n<div class=\"gb-text-df7006b5\"><span class=\"gb-shape\"><svg xmlns=\"http:\/\/www.w3.org\/2000\/svg\" viewbox=\"0 0 36 36\"><path fill=\"#3B88C3\" d=\"M36 32c0 2.209-1.791 4-4 4H4c-2.209 0-4-1.791-4-4V4c0-2.209 1.791-4 4-4h28c2.209 0 4 1.791 4 4v28z\"><\/path><path fill=\"#FFF\" d=\"M7 14h9V7l13 11-13 11v-7H7z\"><\/path><\/svg><\/span><span class=\"gb-text\"><strong>Trasa Google Maps<\/strong>:&nbsp;<\/span><\/div>\n\n\n\n<div class=\"gb-element-3fe83ddd\">\n<a class=\"gb-text primary-button\" href=\"https:\/\/maps.app.goo.gl\/5NV5qUN1sEjhFyKQ9\">Wy\u015bwietl wskaz\u00f3wki<\/a>\n<\/div>\n<\/div>\n<\/div>\n<\/div>\n<\/div>","protected":false},"excerpt":{"rendered":"<p>Find Your Route to Koman Lake Whether you\u2019re traveling on your own or taking advantage of our optional bus transportation, these detailed routes will guide you to Koman Lake with ease. Choose the route that matches your starting location and plan your journey effortlessly! From Tirana to Koman Lake Starting Point: Tirana Our Bus Route: &#8230; <a title=\"Trasy\" class=\"read-more\" href=\"https:\/\/northalbaniaboat.com\/pl\/trasy\/\" aria-label=\"Dowiedz si\u0119 wi\u0119cej o Routes\">Dowiedz si\u0119 wi\u0119cej<\/a><\/p>","protected":false},"author":1,"featured_media":0,"parent":0,"menu_order":0,"comment_status":"closed","ping_status":"closed","template":"","meta":{"_acf_changed":false,"inline_featured_image":false,"footnotes":""},"class_list":["post-557","page","type-page","status-publish"],"acf":[],"yoast_head":"<!-- This site is optimized with the Yoast SEO plugin v26.3 - https:\/\/yoast.com\/wordpress\/plugins\/seo\/ -->\n<title>How to get to Koman Lake and Shala River<\/title>\n<meta name=\"description\" content=\"Find the best travel directions to Koman Lake and Shala River. Use our Google Maps locations for easy and clear routes to your adventure!\" \/>\n<meta name=\"robots\" content=\"index, follow, max-snippet:-1, max-image-preview:large, max-video-preview:-1\" \/>\n<link rel=\"canonical\" href=\"https:\/\/northalbaniaboat.com\/pl\/trasy\/\" \/>\n<meta property=\"og:locale\" content=\"pl_PL\" \/>\n<meta property=\"og:type\" content=\"article\" \/>\n<meta property=\"og:title\" content=\"How to get to Koman Lake and Shala River\" \/>\n<meta property=\"og:description\" content=\"Find the best travel directions to Koman Lake and Shala River. Use our Google Maps locations for easy and clear routes to your adventure!\" \/>\n<meta property=\"og:url\" content=\"https:\/\/northalbaniaboat.com\/pl\/trasy\/\" \/>\n<meta property=\"og:site_name\" content=\"North Albania Boat\" \/>\n<meta property=\"article:publisher\" content=\"https:\/\/www.facebook.com\/NorthAlbaniaBoat\/\" \/>\n<meta property=\"article:modified_time\" content=\"2025-07-30T22:26:37+00:00\" \/>\n<meta property=\"og:image\" content=\"https:\/\/northalbaniaboat.com\/wp-content\/uploads\/2025\/07\/north-albania-slide-hq-scaled-1.jpg\" \/>\n\t<meta property=\"og:image:width\" content=\"2560\" \/>\n\t<meta property=\"og:image:height\" content=\"1465\" \/>\n\t<meta property=\"og:image:type\" content=\"image\/jpeg\" \/>\n<meta name=\"twitter:card\" content=\"summary_large_image\" \/>\n<meta name=\"twitter:site\" content=\"@NorthAlbBoat\" \/>\n<meta name=\"twitter:label1\" content=\"Szacowany czas czytania\" \/>\n\t<meta name=\"twitter:data1\" content=\"1 minuta\" \/>\n<script type=\"application\/ld+json\" class=\"yoast-schema-graph\">{\"@context\":\"https:\/\/schema.org\",\"@graph\":[{\"@type\":\"WebPage\",\"@id\":\"https:\/\/northalbaniaboat.com\/routes\/\",\"url\":\"https:\/\/northalbaniaboat.com\/routes\/\",\"name\":\"How to get to Koman Lake and Shala River\",\"isPartOf\":{\"@id\":\"https:\/\/northalbaniaboat.com\/#website\"},\"datePublished\":\"2025-07-20T22:48:53+00:00\",\"dateModified\":\"2025-07-30T22:26:37+00:00\",\"description\":\"Find the best travel directions to Koman Lake and Shala River. Use our Google Maps locations for easy and clear routes to your adventure!\",\"breadcrumb\":{\"@id\":\"https:\/\/northalbaniaboat.com\/routes\/#breadcrumb\"},\"inLanguage\":\"pl-PL\",\"potentialAction\":[{\"@type\":\"ReadAction\",\"target\":[\"https:\/\/northalbaniaboat.com\/routes\/\"]}]},{\"@type\":\"BreadcrumbList\",\"@id\":\"https:\/\/northalbaniaboat.com\/routes\/#breadcrumb\",\"itemListElement\":[{\"@type\":\"ListItem\",\"position\":1,\"name\":\"Home\",\"item\":\"https:\/\/northalbaniaboat.com\/\"},{\"@type\":\"ListItem\",\"position\":2,\"name\":\"Routes\"}]},{\"@type\":\"WebSite\",\"@id\":\"https:\/\/northalbaniaboat.com\/#website\",\"url\":\"https:\/\/northalbaniaboat.com\/\",\"name\":\"North Albania Boat\",\"description\":\"Visit Komani Lake and Shala River by Safari Boat\",\"publisher\":{\"@id\":\"https:\/\/northalbaniaboat.com\/#organization\"},\"alternateName\":\"Komani Lake & Shala River Tours\",\"potentialAction\":[{\"@type\":\"SearchAction\",\"target\":{\"@type\":\"EntryPoint\",\"urlTemplate\":\"https:\/\/northalbaniaboat.com\/?s={search_term_string}\"},\"query-input\":{\"@type\":\"PropertyValueSpecification\",\"valueRequired\":true,\"valueName\":\"search_term_string\"}}],\"inLanguage\":\"pl-PL\"},{\"@type\":\"Organization\",\"@id\":\"https:\/\/northalbaniaboat.com\/#organization\",\"name\":\"North Albania Boat\",\"url\":\"https:\/\/northalbaniaboat.com\/\",\"logo\":{\"@type\":\"ImageObject\",\"inLanguage\":\"pl-PL\",\"@id\":\"https:\/\/northalbaniaboat.com\/#\/schema\/logo\/image\/\",\"url\":\"https:\/\/northalbaniaboat.com\/wp-content\/uploads\/2025\/07\/logo.svg\",\"contentUrl\":\"https:\/\/northalbaniaboat.com\/wp-content\/uploads\/2025\/07\/logo.svg\",\"width\":1280,\"height\":587,\"caption\":\"North Albania Boat\"},\"image\":{\"@id\":\"https:\/\/northalbaniaboat.com\/#\/schema\/logo\/image\/\"},\"sameAs\":[\"https:\/\/www.facebook.com\/NorthAlbaniaBoat\/\",\"https:\/\/x.com\/NorthAlbBoat\",\"https:\/\/www.instagram.com\/northalbaniaboat\/\",\"https:\/\/www.youtube.com\/@NorthAlbaniaBoat\"]}]}<\/script>\n<!-- \/ Yoast SEO plugin. -->","yoast_head_json":{"title":"Jak dosta\u0107 si\u0119 do jeziora Koman i rzeki Shala","description":"Znajd\u017a najlepsze wskaz\u00f3wki dojazdu do Koman Lake i Shala River. Skorzystaj z naszych lokalizacji Google Maps, aby \u0142atwo i przejrzy\u015bcie wytyczy\u0107 tras\u0119 do swojej przygody!","robots":{"index":"index","follow":"follow","max-snippet":"max-snippet:-1","max-image-preview":"max-image-preview:large","max-video-preview":"max-video-preview:-1"},"canonical":"https:\/\/northalbaniaboat.com\/pl\/trasy\/","og_locale":"pl_PL","og_type":"article","og_title":"How to get to Koman Lake and Shala River","og_description":"Find the best travel directions to Koman Lake and Shala River. Use our Google Maps locations for easy and clear routes to your adventure!","og_url":"https:\/\/northalbaniaboat.com\/pl\/trasy\/","og_site_name":"North Albania Boat","article_publisher":"https:\/\/www.facebook.com\/NorthAlbaniaBoat\/","article_modified_time":"2025-07-30T22:26:37+00:00","og_image":[{"width":2560,"height":1465,"url":"https:\/\/northalbaniaboat.com\/wp-content\/uploads\/2025\/07\/north-albania-slide-hq-scaled-1.jpg","type":"image\/jpeg"}],"twitter_card":"summary_large_image","twitter_site":"@NorthAlbBoat","twitter_misc":{"Szacowany czas czytania":"1 minuta"},"schema":{"@context":"https:\/\/schema.org","@graph":[{"@type":"WebPage","@id":"https:\/\/northalbaniaboat.com\/routes\/","url":"https:\/\/northalbaniaboat.com\/routes\/","name":"Jak dosta\u0107 si\u0119 do jeziora Koman i rzeki Shala","isPartOf":{"@id":"https:\/\/northalbaniaboat.com\/#website"},"datePublished":"2025-07-20T22:48:53+00:00","dateModified":"2025-07-30T22:26:37+00:00","description":"Znajd\u017a najlepsze wskaz\u00f3wki dojazdu do Koman Lake i Shala River. Skorzystaj z naszych lokalizacji Google Maps, aby \u0142atwo i przejrzy\u015bcie wytyczy\u0107 tras\u0119 do swojej przygody!","breadcrumb":{"@id":"https:\/\/northalbaniaboat.com\/routes\/#breadcrumb"},"inLanguage":"pl-PL","potentialAction":[{"@type":"ReadAction","target":["https:\/\/northalbaniaboat.com\/routes\/"]}]},{"@type":"BreadcrumbList","@id":"https:\/\/northalbaniaboat.com\/routes\/#breadcrumb","itemListElement":[{"@type":"ListItem","position":1,"name":"Home","item":"https:\/\/northalbaniaboat.com\/"},{"@type":"ListItem","position":2,"name":"Routes"}]},{"@type":"WebSite","@id":"https:\/\/northalbaniaboat.com\/#website","url":"https:\/\/northalbaniaboat.com\/","name":"\u0141\u00f3d\u017a P\u00f3\u0142nocna Albania","description":"Wizyta nad jeziorem Komani i rzek\u0105 Shala \u0142odzi\u0105 safari","publisher":{"@id":"https:\/\/northalbaniaboat.com\/#organization"},"alternateName":"Komani Lake & Shala River Tours","potentialAction":[{"@type":"SearchAction","target":{"@type":"EntryPoint","urlTemplate":"https:\/\/northalbaniaboat.com\/?s={search_term_string}"},"query-input":{"@type":"PropertyValueSpecification","valueRequired":true,"valueName":"search_term_string"}}],"inLanguage":"pl-PL"},{"@type":"Organization","@id":"https:\/\/northalbaniaboat.com\/#organization","name":"\u0141\u00f3d\u017a P\u00f3\u0142nocna Albania","url":"https:\/\/northalbaniaboat.com\/","logo":{"@type":"ImageObject","inLanguage":"pl-PL","@id":"https:\/\/northalbaniaboat.com\/#\/schema\/logo\/image\/","url":"https:\/\/northalbaniaboat.com\/wp-content\/uploads\/2025\/07\/logo.svg","contentUrl":"https:\/\/northalbaniaboat.com\/wp-content\/uploads\/2025\/07\/logo.svg","width":1280,"height":587,"caption":"North Albania Boat"},"image":{"@id":"https:\/\/northalbaniaboat.com\/#\/schema\/logo\/image\/"},"sameAs":["https:\/\/www.facebook.com\/NorthAlbaniaBoat\/","https:\/\/x.com\/NorthAlbBoat","https:\/\/www.instagram.com\/northalbaniaboat\/","https:\/\/www.youtube.com\/@NorthAlbaniaBoat"]}]}},"_links":{"self":[{"href":"https:\/\/northalbaniaboat.com\/pl\/wp-json\/wp\/v2\/pages\/557","targetHints":{"allow":["GET"]}}],"collection":[{"href":"https:\/\/northalbaniaboat.com\/pl\/wp-json\/wp\/v2\/pages"}],"about":[{"href":"https:\/\/northalbaniaboat.com\/pl\/wp-json\/wp\/v2\/types\/page"}],"author":[{"embeddable":true,"href":"https:\/\/northalbaniaboat.com\/pl\/wp-json\/wp\/v2\/users\/1"}],"replies":[{"embeddable":true,"href":"https:\/\/northalbaniaboat.com\/pl\/wp-json\/wp\/v2\/comments?post=557"}],"version-history":[{"count":11,"href":"https:\/\/northalbaniaboat.com\/pl\/wp-json\/wp\/v2\/pages\/557\/revisions"}],"predecessor-version":[{"id":23751,"href":"https:\/\/northalbaniaboat.com\/pl\/wp-json\/wp\/v2\/pages\/557\/revisions\/23751"}],"wp:attachment":[{"href":"https:\/\/northalbaniaboat.com\/pl\/wp-json\/wp\/v2\/media?parent=557"}],"curies":[{"name":"wp","href":"https:\/\/api.w.org\/{rel}","templated":true}]}}