{"id":3,"date":"2025-07-18T01:34:24","date_gmt":"2025-07-18T01:34:24","guid":{"rendered":"https:\/\/northa.growdevs.com\/?page_id=3"},"modified":"2026-01-05T20:36:53","modified_gmt":"2026-01-05T20:36:53","slug":"polityka-prywatnosci","status":"publish","type":"page","link":"https:\/\/northalbaniaboat.com\/pl\/polityka-prywatnosci\/","title":{"rendered":"Polityka prywatno\u015bci"},"content":{"rendered":"<h1 class=\"gb-text\">Polityka prywatno\u015bci<\/h1>\n\n\n\n<p>Przy&nbsp;<strong>\u0141\u00f3d\u017a P\u00f3\u0142nocna Albania<\/strong>, Cenimy prywatno\u015b\u0107 u\u017cytkownik\u00f3w i zobowi\u0105zujemy si\u0119 do ochrony ich danych osobowych. Niniejsza Polityka prywatno\u015bci okre\u015bla, w jaki spos\u00f3b gromadzimy, wykorzystujemy i chronimy dane u\u017cytkownik\u00f3w odwiedzaj\u0105cych nasz\u0105 stron\u0119 internetow\u0105, rezerwuj\u0105cych wycieczki lub korzystaj\u0105cych z naszych us\u0142ug.<\/p>\n\n\n\n<p><strong>1. Informacje, kt\u00f3re zbieramy<\/strong><\/p>\n\n\n\n<p>Mo\u017cemy gromadzi\u0107 nast\u0119puj\u0105ce rodzaje danych osobowych:<\/p>\n\n\n\n<ul class=\"wp-block-list\">\n<li><strong>Osobiste informacje identyfikacyjne<\/strong>: Imi\u0119 i nazwisko, adres e-mail, numer telefonu, adres itp. podczas rezerwacji wycieczki lub kontaktu z nami.<\/li>\n\n\n\n<li><strong>Dane dziennika<\/strong>: Informacje wysy\u0142ane przez przegl\u0105dark\u0119 u\u017cytkownika podczas odwiedzania naszej witryny internetowej, w tym adresy IP, typy przegl\u0105darek, odwiedzane strony i czasy dost\u0119pu.<\/li>\n<\/ul>\n\n\n\n<p><strong>2. Jak wykorzystujemy informacje o u\u017cytkowniku<\/strong><\/p>\n\n\n\n<p>Zebrane informacje wykorzystujemy do nast\u0119puj\u0105cych cel\u00f3w:<\/p>\n\n\n\n<ul class=\"wp-block-list\">\n<li>Przetwarzanie rezerwacji i potwierdzanie rezerwacji wycieczek.<\/li>\n\n\n\n<li>Aby wysy\u0142a\u0107 aktualizacje lub oferty promocyjne zwi\u0105zane z naszymi wycieczkami.<\/li>\n\n\n\n<li>Zapewnienie obs\u0142ugi klienta i odpowiadanie na zapytania u\u017cytkownik\u00f3w.<\/li>\n\n\n\n<li>Ulepszanie naszej strony internetowej, us\u0142ug i obs\u0142ugi klienta.<\/li>\n<\/ul>\n\n\n\n<p><strong>3. Jak chronimy informacje o u\u017cytkowniku<\/strong><\/p>\n\n\n\n<p>Wdra\u017camy r\u00f3\u017cne \u015brodki bezpiecze\u0144stwa w celu zachowania bezpiecze\u0144stwa danych osobowych u\u017cytkownika podczas sk\u0142adania zam\u00f3wienia lub uzyskiwania dost\u0119pu do danych osobowych. Obejmuje to bezpieczne serwery, szyfrowane po\u0142\u0105czenia i ograniczenia dost\u0119pu.<\/p>\n\n\n\n<p><strong>4. Udost\u0119pnianie informacji<\/strong><\/p>\n\n\n\n<p>Nie sprzedajemy, nie wymieniamy ani nie wypo\u017cyczamy danych osobowych u\u017cytkownik\u00f3w stronom trzecim. Mo\u017cemy jednak udost\u0119pnia\u0107 informacje zaufanym partnerom i us\u0142ugodawcom, kt\u00f3rzy pomagaj\u0105 nam w prowadzeniu dzia\u0142alno\u015bci, takim jak podmioty przetwarzaj\u0105ce p\u0142atno\u015bci lub dostawcy us\u0142ug poczty elektronicznej. Te strony trzecie s\u0105 zobowi\u0105zane do zachowania poufno\u015bci danych u\u017cytkownika.<\/p>\n\n\n\n<p><strong>5. Pliki cookie<\/strong><\/p>\n\n\n\n<p>Nasza strona internetowa mo\u017ce wykorzystywa\u0107 pliki cookie w celu poprawy komfortu u\u017cytkowania. Pliki cookie to ma\u0142e pliki przechowywane na urz\u0105dzeniu u\u017cytkownika, kt\u00f3re pomagaj\u0105 nam zapami\u0119ta\u0107 preferencje u\u017cytkownika i poprawi\u0107 funkcjonalno\u015b\u0107. Preferencjami dotycz\u0105cymi plik\u00f3w cookie mo\u017cna zarz\u0105dza\u0107 w ustawieniach przegl\u0105darki.<\/p>\n\n\n\n<p><strong>6. Linki stron trzecich<\/strong><\/p>\n\n\n\n<p>Nasza witryna internetowa mo\u017ce zawiera\u0107 \u0142\u0105cza do witryn internetowych os\u00f3b trzecich. Nie ponosimy odpowiedzialno\u015bci za polityk\u0119 prywatno\u015bci tych zewn\u0119trznych witryn. Zach\u0119camy do zapoznania si\u0119 z ich polityk\u0105 prywatno\u015bci podczas odwiedzania tych witryn.<\/p>\n\n\n\n<p><strong>7. Prawa u\u017cytkownika<\/strong><\/p>\n\n\n\n<p>Masz prawo do:<\/p>\n\n\n\n<ul class=\"wp-block-list\">\n<li>Uzyskiwa\u0107 dost\u0119p do swoich danych osobowych, aktualizowa\u0107 je lub poprawia\u0107.<\/li>\n\n\n\n<li>\u017b\u0105dania usuni\u0119cia danych, z zastrze\u017ceniem zobowi\u0105za\u0144 prawnych.<\/li>\n\n\n\n<li>Zrezygnowa\u0107 z otrzymywania promocyjnych wiadomo\u015bci e-mail w dowolnym momencie, klikaj\u0105c \u201canuluj subskrypcj\u0119\u201d lub kontaktuj\u0105c si\u0119 z nami.<\/li>\n<\/ul>\n\n\n\n<p><strong>8. Zmiany niniejszej Polityki prywatno\u015bci<\/strong><\/p>\n\n\n\n<p>Zastrzegamy sobie prawo do aktualizacji niniejszej Polityki prywatno\u015bci w dowolnym momencie. Wszelkie zmiany b\u0119d\u0105 publikowane na tej stronie wraz z dat\u0105 aktualizacji. Zach\u0119camy do okresowego przegl\u0105dania niniejszej Polityki prywatno\u015bci.<\/p>\n\n\n\n<p><strong>9. Kontakt<\/strong><\/p>\n\n\n\n<p>W przypadku jakichkolwiek pyta\u0144 lub w\u0105tpliwo\u015bci dotycz\u0105cych niniejszej Polityki prywatno\u015bci lub naszych praktyk, prosimy o kontakt pod adresem:<\/p>\n\n\n\n<p><strong>\u0141\u00f3d\u017a P\u00f3\u0142nocna Albania<\/strong><br>E-mail: info@northalbaniaboat.com<br>WhatsApp: +355 69 701 1334<br>Strona internetowa: https:\/\/northalbaniaboat.com\/<\/p>\n\n\n\n<p><\/p>","protected":false},"excerpt":{"rendered":"<p>Privacy Policy At&nbsp;North Albania Boat, we value your privacy and are committed to protecting your personal information. This Privacy Policy outlines how we collect, use, and protect your data when you visit our website, book a tour, or interact with our services. 1. Information We Collect We may collect the following types of personal information: &#8230; <a title=\"Polityka prywatno\u015bci\" class=\"read-more\" href=\"https:\/\/northalbaniaboat.com\/pl\/polityka-prywatnosci\/\" aria-label=\"Dowiedz si\u0119 wi\u0119cej o Privacy Policy\">Dowiedz si\u0119 wi\u0119cej<\/a><\/p>","protected":false},"author":1,"featured_media":0,"parent":0,"menu_order":0,"comment_status":"closed","ping_status":"open","template":"","meta":{"_acf_changed":false,"inline_featured_image":false,"footnotes":""},"class_list":["post-3","page","type-page","status-publish"],"acf":[],"yoast_head":"<!-- This site is optimized with the Yoast SEO plugin v26.3 - https:\/\/yoast.com\/wordpress\/plugins\/seo\/ -->\n<title>Privacy Policy - North Albania Boat<\/title>\n<meta name=\"robots\" content=\"index, follow, max-snippet:-1, max-image-preview:large, max-video-preview:-1\" \/>\n<link rel=\"canonical\" href=\"https:\/\/northalbaniaboat.com\/pl\/polityka-prywatnosci\/\" \/>\n<meta property=\"og:locale\" content=\"pl_PL\" \/>\n<meta property=\"og:type\" content=\"article\" \/>\n<meta property=\"og:title\" content=\"Privacy Policy - North Albania Boat\" \/>\n<meta property=\"og:description\" content=\"Privacy Policy At&nbsp;North Albania Boat, we value your privacy and are committed to protecting your personal information. This Privacy Policy outlines how we collect, use, and protect your data when you visit our website, book a tour, or interact with our services. 1. Information We Collect We may collect the following types of personal information: ... Dowiedz si\u0119 wi\u0119cej\" \/>\n<meta property=\"og:url\" content=\"https:\/\/northalbaniaboat.com\/pl\/polityka-prywatnosci\/\" \/>\n<meta property=\"og:site_name\" content=\"North Albania Boat\" \/>\n<meta property=\"article:publisher\" content=\"https:\/\/www.facebook.com\/NorthAlbaniaBoat\/\" \/>\n<meta property=\"article:modified_time\" content=\"2026-01-05T20:36:53+00:00\" \/>\n<meta property=\"og:image\" content=\"https:\/\/northalbaniaboat.com\/wp-content\/uploads\/2025\/07\/north-albania-slide-hq-scaled-1.jpg\" \/>\n\t<meta property=\"og:image:width\" content=\"2560\" \/>\n\t<meta property=\"og:image:height\" content=\"1465\" \/>\n\t<meta property=\"og:image:type\" content=\"image\/jpeg\" \/>\n<meta name=\"twitter:card\" content=\"summary_large_image\" \/>\n<meta name=\"twitter:site\" content=\"@NorthAlbBoat\" \/>\n<meta name=\"twitter:label1\" content=\"Szacowany czas czytania\" \/>\n\t<meta name=\"twitter:data1\" content=\"2 minuty\" \/>\n<script type=\"application\/ld+json\" class=\"yoast-schema-graph\">{\"@context\":\"https:\/\/schema.org\",\"@graph\":[{\"@type\":\"WebPage\",\"@id\":\"https:\/\/northalbaniaboat.com\/privacy-policy\/\",\"url\":\"https:\/\/northalbaniaboat.com\/privacy-policy\/\",\"name\":\"Privacy Policy - North Albania Boat\",\"isPartOf\":{\"@id\":\"https:\/\/northalbaniaboat.com\/#website\"},\"datePublished\":\"2025-07-18T01:34:24+00:00\",\"dateModified\":\"2026-01-05T20:36:53+00:00\",\"breadcrumb\":{\"@id\":\"https:\/\/northalbaniaboat.com\/privacy-policy\/#breadcrumb\"},\"inLanguage\":\"pl-PL\",\"potentialAction\":[{\"@type\":\"ReadAction\",\"target\":[\"https:\/\/northalbaniaboat.com\/privacy-policy\/\"]}]},{\"@type\":\"BreadcrumbList\",\"@id\":\"https:\/\/northalbaniaboat.com\/privacy-policy\/#breadcrumb\",\"itemListElement\":[{\"@type\":\"ListItem\",\"position\":1,\"name\":\"Home\",\"item\":\"https:\/\/northalbaniaboat.com\/\"},{\"@type\":\"ListItem\",\"position\":2,\"name\":\"Privacy Policy\"}]},{\"@type\":\"WebSite\",\"@id\":\"https:\/\/northalbaniaboat.com\/#website\",\"url\":\"https:\/\/northalbaniaboat.com\/\",\"name\":\"North Albania Boat\",\"description\":\"Visit Komani Lake and Shala River by Safari Boat\",\"publisher\":{\"@id\":\"https:\/\/northalbaniaboat.com\/#organization\"},\"alternateName\":\"Komani Lake & Shala River Tours\",\"potentialAction\":[{\"@type\":\"SearchAction\",\"target\":{\"@type\":\"EntryPoint\",\"urlTemplate\":\"https:\/\/northalbaniaboat.com\/?s={search_term_string}\"},\"query-input\":{\"@type\":\"PropertyValueSpecification\",\"valueRequired\":true,\"valueName\":\"search_term_string\"}}],\"inLanguage\":\"pl-PL\"},{\"@type\":\"Organization\",\"@id\":\"https:\/\/northalbaniaboat.com\/#organization\",\"name\":\"North Albania Boat\",\"url\":\"https:\/\/northalbaniaboat.com\/\",\"logo\":{\"@type\":\"ImageObject\",\"inLanguage\":\"pl-PL\",\"@id\":\"https:\/\/northalbaniaboat.com\/#\/schema\/logo\/image\/\",\"url\":\"https:\/\/northalbaniaboat.com\/wp-content\/uploads\/2025\/07\/logo.svg\",\"contentUrl\":\"https:\/\/northalbaniaboat.com\/wp-content\/uploads\/2025\/07\/logo.svg\",\"width\":1280,\"height\":587,\"caption\":\"North Albania Boat\"},\"image\":{\"@id\":\"https:\/\/northalbaniaboat.com\/#\/schema\/logo\/image\/\"},\"sameAs\":[\"https:\/\/www.facebook.com\/NorthAlbaniaBoat\/\",\"https:\/\/x.com\/NorthAlbBoat\",\"https:\/\/www.instagram.com\/northalbaniaboat\/\",\"https:\/\/www.youtube.com\/@NorthAlbaniaBoat\"]}]}<\/script>\n<!-- \/ Yoast SEO plugin. -->","yoast_head_json":{"title":"Polityka prywatno\u015bci - North Albania Boat","robots":{"index":"index","follow":"follow","max-snippet":"max-snippet:-1","max-image-preview":"max-image-preview:large","max-video-preview":"max-video-preview:-1"},"canonical":"https:\/\/northalbaniaboat.com\/pl\/polityka-prywatnosci\/","og_locale":"pl_PL","og_type":"article","og_title":"Privacy Policy - North Albania Boat","og_description":"Privacy Policy At&nbsp;North Albania Boat, we value your privacy and are committed to protecting your personal information. This Privacy Policy outlines how we collect, use, and protect your data when you visit our website, book a tour, or interact with our services. 1. Information We Collect We may collect the following types of personal information: ... Dowiedz si\u0119 wi\u0119cej","og_url":"https:\/\/northalbaniaboat.com\/pl\/polityka-prywatnosci\/","og_site_name":"North Albania Boat","article_publisher":"https:\/\/www.facebook.com\/NorthAlbaniaBoat\/","article_modified_time":"2026-01-05T20:36:53+00:00","og_image":[{"width":2560,"height":1465,"url":"https:\/\/northalbaniaboat.com\/wp-content\/uploads\/2025\/07\/north-albania-slide-hq-scaled-1.jpg","type":"image\/jpeg"}],"twitter_card":"summary_large_image","twitter_site":"@NorthAlbBoat","twitter_misc":{"Szacowany czas czytania":"2 minuty"},"schema":{"@context":"https:\/\/schema.org","@graph":[{"@type":"WebPage","@id":"https:\/\/northalbaniaboat.com\/privacy-policy\/","url":"https:\/\/northalbaniaboat.com\/privacy-policy\/","name":"Polityka prywatno\u015bci - North Albania Boat","isPartOf":{"@id":"https:\/\/northalbaniaboat.com\/#website"},"datePublished":"2025-07-18T01:34:24+00:00","dateModified":"2026-01-05T20:36:53+00:00","breadcrumb":{"@id":"https:\/\/northalbaniaboat.com\/privacy-policy\/#breadcrumb"},"inLanguage":"pl-PL","potentialAction":[{"@type":"ReadAction","target":["https:\/\/northalbaniaboat.com\/privacy-policy\/"]}]},{"@type":"BreadcrumbList","@id":"https:\/\/northalbaniaboat.com\/privacy-policy\/#breadcrumb","itemListElement":[{"@type":"ListItem","position":1,"name":"Home","item":"https:\/\/northalbaniaboat.com\/"},{"@type":"ListItem","position":2,"name":"Privacy Policy"}]},{"@type":"WebSite","@id":"https:\/\/northalbaniaboat.com\/#website","url":"https:\/\/northalbaniaboat.com\/","name":"\u0141\u00f3d\u017a P\u00f3\u0142nocna Albania","description":"Wizyta nad jeziorem Komani i rzek\u0105 Shala \u0142odzi\u0105 safari","publisher":{"@id":"https:\/\/northalbaniaboat.com\/#organization"},"alternateName":"Komani Lake & Shala River Tours","potentialAction":[{"@type":"SearchAction","target":{"@type":"EntryPoint","urlTemplate":"https:\/\/northalbaniaboat.com\/?s={search_term_string}"},"query-input":{"@type":"PropertyValueSpecification","valueRequired":true,"valueName":"search_term_string"}}],"inLanguage":"pl-PL"},{"@type":"Organization","@id":"https:\/\/northalbaniaboat.com\/#organization","name":"\u0141\u00f3d\u017a P\u00f3\u0142nocna Albania","url":"https:\/\/northalbaniaboat.com\/","logo":{"@type":"ImageObject","inLanguage":"pl-PL","@id":"https:\/\/northalbaniaboat.com\/#\/schema\/logo\/image\/","url":"https:\/\/northalbaniaboat.com\/wp-content\/uploads\/2025\/07\/logo.svg","contentUrl":"https:\/\/northalbaniaboat.com\/wp-content\/uploads\/2025\/07\/logo.svg","width":1280,"height":587,"caption":"North Albania Boat"},"image":{"@id":"https:\/\/northalbaniaboat.com\/#\/schema\/logo\/image\/"},"sameAs":["https:\/\/www.facebook.com\/NorthAlbaniaBoat\/","https:\/\/x.com\/NorthAlbBoat","https:\/\/www.instagram.com\/northalbaniaboat\/","https:\/\/www.youtube.com\/@NorthAlbaniaBoat"]}]}},"_links":{"self":[{"href":"https:\/\/northalbaniaboat.com\/pl\/wp-json\/wp\/v2\/pages\/3","targetHints":{"allow":["GET"]}}],"collection":[{"href":"https:\/\/northalbaniaboat.com\/pl\/wp-json\/wp\/v2\/pages"}],"about":[{"href":"https:\/\/northalbaniaboat.com\/pl\/wp-json\/wp\/v2\/types\/page"}],"author":[{"embeddable":true,"href":"https:\/\/northalbaniaboat.com\/pl\/wp-json\/wp\/v2\/users\/1"}],"replies":[{"embeddable":true,"href":"https:\/\/northalbaniaboat.com\/pl\/wp-json\/wp\/v2\/comments?post=3"}],"version-history":[{"count":2,"href":"https:\/\/northalbaniaboat.com\/pl\/wp-json\/wp\/v2\/pages\/3\/revisions"}],"predecessor-version":[{"id":24821,"href":"https:\/\/northalbaniaboat.com\/pl\/wp-json\/wp\/v2\/pages\/3\/revisions\/24821"}],"wp:attachment":[{"href":"https:\/\/northalbaniaboat.com\/pl\/wp-json\/wp\/v2\/media?parent=3"}],"curies":[{"name":"wp","href":"https:\/\/api.w.org\/{rel}","templated":true}]}}