{"id":3,"date":"2025-07-18T01:34:24","date_gmt":"2025-07-18T01:34:24","guid":{"rendered":"https:\/\/northa.growdevs.com\/?page_id=3"},"modified":"2026-01-05T20:36:53","modified_gmt":"2026-01-05T20:36:53","slug":"privatuma-politika","status":"publish","type":"page","link":"https:\/\/northalbaniaboat.com\/lv\/privatuma-politika\/","title":{"rendered":"Konfidencialit\u0101tes politika"},"content":{"rendered":"<h1 class=\"gb-text\">Konfidencialit\u0101tes politika<\/h1>\n\n\n\n<p>vietn\u0113&nbsp;<strong>Zieme\u013calb\u0101nija Laiva<\/strong>, m\u0113s augstu v\u0113rt\u0113jam j\u016bsu konfidencialit\u0101ti un esam ap\u0146\u0113mu\u0161ies aizsarg\u0101t j\u016bsu personisko inform\u0101ciju. \u0160aj\u0101 konfidencialit\u0101tes politik\u0101 aprakst\u012bts, k\u0101 m\u0113s v\u0101cam, izmantojam un aizsarg\u0101jam j\u016bsu datus, kad apmekl\u0113jat m\u016bsu vietni, rezerv\u0113jat ekskursiju vai izmantojat m\u016bsu pakalpojumus.<\/p>\n\n\n\n<p><strong>1. M\u016bsu apkopot\u0101 inform\u0101cija<\/strong><\/p>\n\n\n\n<p>M\u0113s varam v\u0101kt \u0161\u0101da veida personisko inform\u0101ciju:<\/p>\n\n\n\n<ul class=\"wp-block-list\">\n<li><strong>Personas identifik\u0101cijas inform\u0101cija<\/strong>: V\u0101rds un uzv\u0101rds, e-pasta adrese, t\u0101lru\u0146a numurs, adrese utt., kad rezerv\u0113jat ce\u013cojumu vai sazinieties ar mums.<\/li>\n\n\n\n<li><strong>\u017durn\u0101la dati<\/strong>: Inform\u0101cija, ko nos\u016bta j\u016bsu p\u0101rl\u016bkprogramma, kad apmekl\u0113jat m\u016bsu t\u012bmek\u013ca vietni, tostarp IP adreses, p\u0101rl\u016bkprogrammas veidi, apmekl\u0113t\u0101s lapas un apmekl\u0113juma laiks.<\/li>\n<\/ul>\n\n\n\n<p><strong>2. K\u0101 m\u0113s izmantojam j\u016bsu inform\u0101ciju<\/strong><\/p>\n\n\n\n<p>Sav\u0101kto inform\u0101ciju m\u0113s izmantojam \u0161\u0101diem m\u0113r\u0137iem:<\/p>\n\n\n\n<ul class=\"wp-block-list\">\n<li>Lai apstr\u0101d\u0101tu rezerv\u0101cijas un apstiprin\u0101tu j\u016bsu ekskursiju rezerv\u0101cijas.<\/li>\n\n\n\n<li>Lai nos\u016bt\u012btu jums atjaunin\u0101jumus vai rekl\u0101mas pied\u0101v\u0101jumus saist\u012bb\u0101 ar m\u016bsu ekskursij\u0101m.<\/li>\n\n\n\n<li>Lai sniegtu klientu atbalstu un atbild\u0113tu uz j\u016bsu piepras\u012bjumiem.<\/li>\n\n\n\n<li>Lai uzlabotu m\u016bsu vietni, pakalpojumus un klientu pieredzi.<\/li>\n<\/ul>\n\n\n\n<p><strong>3. K\u0101 m\u0113s aizsarg\u0101jam j\u016bsu inform\u0101ciju<\/strong><\/p>\n\n\n\n<p>M\u0113s \u012bstenojam da\u017e\u0101dus dro\u0161\u012bbas pas\u0101kumus, lai saglab\u0101tu j\u016bsu personisk\u0101s inform\u0101cijas dro\u0161\u012bbu, kad j\u016bs veicat pas\u016bt\u012bjumu vai piek\u013c\u016bstat savai personiskajai inform\u0101cijai. Tie ietver dro\u0161us serverus, \u0161ifr\u0113tus savienojumus un piek\u013cuves ierobe\u017eojumus.<\/p>\n\n\n\n<p><strong>4. J\u016bsu inform\u0101cijas kop\u012bgo\u0161ana<\/strong><\/p>\n\n\n\n<p>M\u0113s nep\u0101rdodam, netirgojam un neiznom\u0101jam j\u016bsu personisko inform\u0101ciju tre\u0161\u0101m person\u0101m. Tom\u0113r m\u0113s varam kop\u012bgot inform\u0101ciju ar uzticamiem partneriem un pakalpojumu sniedz\u0113jiem, kas pal\u012bdz mums veikt uz\u0146\u0113m\u0113jdarb\u012bbu, piem\u0113ram, maks\u0101jumu apstr\u0101d\u0101t\u0101jiem vai e-pasta pakalpojumu sniedz\u0113jiem. \u0160\u012bm tre\u0161aj\u0101m pus\u0113m ir pien\u0101kums saglab\u0101t j\u016bsu inform\u0101cijas konfidencialit\u0101ti.<\/p>\n\n\n\n<p><strong>5. S\u012bkfaili<\/strong><\/p>\n\n\n\n<p>M\u016bsu vietn\u0113 var tikt izmantoti s\u012bkfaili, lai uzlabotu lietot\u0101ja pieredzi. S\u012bkfaili ir nelieli faili, kas tiek saglab\u0101ti j\u016bsu ier\u012bc\u0113 un pal\u012bdz mums atcer\u0113ties j\u016bsu preferences un uzlabot funkcionalit\u0101ti. S\u012bkdat\u0146u preferences varat p\u0101rvald\u012bt, izmantojot p\u0101rl\u016bkprogrammas iestat\u012bjumus.<\/p>\n\n\n\n<p><strong>6. Tre\u0161o pu\u0161u saites<\/strong><\/p>\n\n\n\n<p>M\u016bsu vietn\u0113 var b\u016bt saites uz tre\u0161o personu vietn\u0113m. M\u0113s neesam atbild\u012bgi par \u0161o \u0101r\u0113jo viet\u0146u konfidencialit\u0101tes praksi. M\u0113s iesak\u0101m jums, apmekl\u0113jot \u0161\u012bs vietnes, iepaz\u012bties ar to priv\u0101tuma politiku.<\/p>\n\n\n\n<p><strong>7. J\u016bsu ties\u012bbas<\/strong><\/p>\n\n\n\n<p>Jums ir ties\u012bbas:<\/p>\n\n\n\n<ul class=\"wp-block-list\">\n<li>Piek\u013c\u016bt j\u016bsu personiskajai inform\u0101cijai, atjaunin\u0101t vai labot to.<\/li>\n\n\n\n<li>piepras\u012bt savu datu dz\u0113\u0161anu, iev\u0113rojot juridiskos pien\u0101kumus.<\/li>\n\n\n\n<li>Jebkur\u0101 laik\u0101 varat atteikties no rekl\u0101mas e-pasta v\u0113stu\u013cu sa\u0146em\u0161anas, noklik\u0161\u0137inot uz \u201catteikties no abon\u0113\u0161anas\u201d vai sazinoties ar mums.<\/li>\n<\/ul>\n\n\n\n<p><strong>8. Izmai\u0146as \u0161aj\u0101 konfidencialit\u0101tes politik\u0101<\/strong><\/p>\n\n\n\n<p>M\u0113s paturam ties\u012bbas jebkur\u0101 laik\u0101 atjaunin\u0101t \u0161o konfidencialit\u0101tes politiku. Jebkuras izmai\u0146as tiks public\u0113tas \u0161aj\u0101 lap\u0101, nor\u0101dot atjaunin\u0101juma datumu. M\u0113s aicin\u0101m j\u016bs periodiski p\u0101rskat\u012bt \u0161o konfidencialit\u0101tes politiku.<\/p>\n\n\n\n<p><strong>9. Sazinieties ar mums<\/strong><\/p>\n\n\n\n<p>Ja jums ir k\u0101di jaut\u0101jumi vai ba\u017eas par \u0161o konfidencialit\u0101tes politiku vai m\u016bsu praksi, l\u016bdzu, sazinieties ar mums pa \u0161\u0101du adresi:<\/p>\n\n\n\n<p><strong>Zieme\u013calb\u0101nija Laiva<\/strong><br>E-pasts: info@northalbaniaboat.com<br>WhatsApp: +355 69 701 1334<br>T\u012bmek\u013ca vietne: https:\/\/northalbaniaboat.com\/<\/p>\n\n\n\n<p><\/p>","protected":false},"excerpt":{"rendered":"<p>Privacy Policy At&nbsp;North Albania Boat, we value your privacy and are committed to protecting your personal information. This Privacy Policy outlines how we collect, use, and protect your data when you visit our website, book a tour, or interact with our services. 1. Information We Collect We may collect the following types of personal information: &#8230; <a title=\"Konfidencialit\u0101tes politika\" class=\"read-more\" href=\"https:\/\/northalbaniaboat.com\/lv\/privatuma-politika\/\" aria-label=\"Read more about Privacy Policy\">Las\u012bt t\u0101l\u0101k<\/a><\/p>","protected":false},"author":1,"featured_media":0,"parent":0,"menu_order":0,"comment_status":"closed","ping_status":"open","template":"","meta":{"_acf_changed":false,"inline_featured_image":false,"footnotes":""},"class_list":["post-3","page","type-page","status-publish"],"acf":[],"yoast_head":"<!-- This site is optimized with the Yoast SEO plugin v26.3 - https:\/\/yoast.com\/wordpress\/plugins\/seo\/ -->\n<title>Privacy Policy - North Albania Boat<\/title>\n<meta name=\"robots\" content=\"index, follow, max-snippet:-1, max-image-preview:large, max-video-preview:-1\" \/>\n<link rel=\"canonical\" href=\"https:\/\/northalbaniaboat.com\/lv\/privatuma-politika\/\" \/>\n<meta property=\"og:locale\" content=\"lv_LV\" \/>\n<meta property=\"og:type\" content=\"article\" \/>\n<meta property=\"og:title\" content=\"Privacy Policy - North Albania Boat\" \/>\n<meta property=\"og:description\" content=\"Privacy Policy At&nbsp;North Albania Boat, we value your privacy and are committed to protecting your personal information. This Privacy Policy outlines how we collect, use, and protect your data when you visit our website, book a tour, or interact with our services. 1. Information We Collect We may collect the following types of personal information: ... Las\u012bt t\u0101l\u0101k\" \/>\n<meta property=\"og:url\" content=\"https:\/\/northalbaniaboat.com\/lv\/privatuma-politika\/\" \/>\n<meta property=\"og:site_name\" content=\"North Albania Boat\" \/>\n<meta property=\"article:publisher\" content=\"https:\/\/www.facebook.com\/NorthAlbaniaBoat\/\" \/>\n<meta property=\"article:modified_time\" content=\"2026-01-05T20:36:53+00:00\" \/>\n<meta property=\"og:image\" content=\"https:\/\/northalbaniaboat.com\/wp-content\/uploads\/2025\/07\/north-albania-slide-hq-scaled-1.jpg\" \/>\n\t<meta property=\"og:image:width\" content=\"2560\" \/>\n\t<meta property=\"og:image:height\" content=\"1465\" \/>\n\t<meta property=\"og:image:type\" content=\"image\/jpeg\" \/>\n<meta name=\"twitter:card\" content=\"summary_large_image\" \/>\n<meta name=\"twitter:site\" content=\"@NorthAlbBoat\" \/>\n<meta name=\"twitter:label1\" content=\"Est. reading time\" \/>\n\t<meta name=\"twitter:data1\" content=\"2 min\u016btes\" \/>\n<script type=\"application\/ld+json\" class=\"yoast-schema-graph\">{\"@context\":\"https:\/\/schema.org\",\"@graph\":[{\"@type\":\"WebPage\",\"@id\":\"https:\/\/northalbaniaboat.com\/privacy-policy\/\",\"url\":\"https:\/\/northalbaniaboat.com\/privacy-policy\/\",\"name\":\"Privacy Policy - North Albania Boat\",\"isPartOf\":{\"@id\":\"https:\/\/northalbaniaboat.com\/#website\"},\"datePublished\":\"2025-07-18T01:34:24+00:00\",\"dateModified\":\"2026-01-05T20:36:53+00:00\",\"breadcrumb\":{\"@id\":\"https:\/\/northalbaniaboat.com\/privacy-policy\/#breadcrumb\"},\"inLanguage\":\"lv-LV\",\"potentialAction\":[{\"@type\":\"ReadAction\",\"target\":[\"https:\/\/northalbaniaboat.com\/privacy-policy\/\"]}]},{\"@type\":\"BreadcrumbList\",\"@id\":\"https:\/\/northalbaniaboat.com\/privacy-policy\/#breadcrumb\",\"itemListElement\":[{\"@type\":\"ListItem\",\"position\":1,\"name\":\"Home\",\"item\":\"https:\/\/northalbaniaboat.com\/\"},{\"@type\":\"ListItem\",\"position\":2,\"name\":\"Privacy Policy\"}]},{\"@type\":\"WebSite\",\"@id\":\"https:\/\/northalbaniaboat.com\/#website\",\"url\":\"https:\/\/northalbaniaboat.com\/\",\"name\":\"North Albania Boat\",\"description\":\"Visit Komani Lake and Shala River by Safari Boat\",\"publisher\":{\"@id\":\"https:\/\/northalbaniaboat.com\/#organization\"},\"alternateName\":\"Komani Lake & Shala River Tours\",\"potentialAction\":[{\"@type\":\"SearchAction\",\"target\":{\"@type\":\"EntryPoint\",\"urlTemplate\":\"https:\/\/northalbaniaboat.com\/?s={search_term_string}\"},\"query-input\":{\"@type\":\"PropertyValueSpecification\",\"valueRequired\":true,\"valueName\":\"search_term_string\"}}],\"inLanguage\":\"lv-LV\"},{\"@type\":\"Organization\",\"@id\":\"https:\/\/northalbaniaboat.com\/#organization\",\"name\":\"North Albania Boat\",\"url\":\"https:\/\/northalbaniaboat.com\/\",\"logo\":{\"@type\":\"ImageObject\",\"inLanguage\":\"lv-LV\",\"@id\":\"https:\/\/northalbaniaboat.com\/#\/schema\/logo\/image\/\",\"url\":\"https:\/\/northalbaniaboat.com\/wp-content\/uploads\/2025\/07\/logo.svg\",\"contentUrl\":\"https:\/\/northalbaniaboat.com\/wp-content\/uploads\/2025\/07\/logo.svg\",\"width\":1280,\"height\":587,\"caption\":\"North Albania Boat\"},\"image\":{\"@id\":\"https:\/\/northalbaniaboat.com\/#\/schema\/logo\/image\/\"},\"sameAs\":[\"https:\/\/www.facebook.com\/NorthAlbaniaBoat\/\",\"https:\/\/x.com\/NorthAlbBoat\",\"https:\/\/www.instagram.com\/northalbaniaboat\/\",\"https:\/\/www.youtube.com\/@NorthAlbaniaBoat\"]}]}<\/script>\n<!-- \/ Yoast SEO plugin. -->","yoast_head_json":{"title":"Priv\u0101tuma politika - Zieme\u013calb\u0101nija Boat","robots":{"index":"index","follow":"follow","max-snippet":"max-snippet:-1","max-image-preview":"max-image-preview:large","max-video-preview":"max-video-preview:-1"},"canonical":"https:\/\/northalbaniaboat.com\/lv\/privatuma-politika\/","og_locale":"lv_LV","og_type":"article","og_title":"Privacy Policy - North Albania Boat","og_description":"Privacy Policy At&nbsp;North Albania Boat, we value your privacy and are committed to protecting your personal information. This Privacy Policy outlines how we collect, use, and protect your data when you visit our website, book a tour, or interact with our services. 1. Information We Collect We may collect the following types of personal information: ... Las\u012bt t\u0101l\u0101k","og_url":"https:\/\/northalbaniaboat.com\/lv\/privatuma-politika\/","og_site_name":"North Albania Boat","article_publisher":"https:\/\/www.facebook.com\/NorthAlbaniaBoat\/","article_modified_time":"2026-01-05T20:36:53+00:00","og_image":[{"width":2560,"height":1465,"url":"https:\/\/northalbaniaboat.com\/wp-content\/uploads\/2025\/07\/north-albania-slide-hq-scaled-1.jpg","type":"image\/jpeg"}],"twitter_card":"summary_large_image","twitter_site":"@NorthAlbBoat","twitter_misc":{"Est. reading time":"2 min\u016btes"},"schema":{"@context":"https:\/\/schema.org","@graph":[{"@type":"WebPage","@id":"https:\/\/northalbaniaboat.com\/privacy-policy\/","url":"https:\/\/northalbaniaboat.com\/privacy-policy\/","name":"Priv\u0101tuma politika - Zieme\u013calb\u0101nija Boat","isPartOf":{"@id":"https:\/\/northalbaniaboat.com\/#website"},"datePublished":"2025-07-18T01:34:24+00:00","dateModified":"2026-01-05T20:36:53+00:00","breadcrumb":{"@id":"https:\/\/northalbaniaboat.com\/privacy-policy\/#breadcrumb"},"inLanguage":"lv-LV","potentialAction":[{"@type":"ReadAction","target":["https:\/\/northalbaniaboat.com\/privacy-policy\/"]}]},{"@type":"BreadcrumbList","@id":"https:\/\/northalbaniaboat.com\/privacy-policy\/#breadcrumb","itemListElement":[{"@type":"ListItem","position":1,"name":"Home","item":"https:\/\/northalbaniaboat.com\/"},{"@type":"ListItem","position":2,"name":"Privacy Policy"}]},{"@type":"WebSite","@id":"https:\/\/northalbaniaboat.com\/#website","url":"https:\/\/northalbaniaboat.com\/","name":"Zieme\u013calb\u0101nija Laiva","description":"Apmekl\u0113jiet Komani ezeru un \u0160alas upi ar Safari laivu","publisher":{"@id":"https:\/\/northalbaniaboat.com\/#organization"},"alternateName":"Komani Lake & Shala River Tours","potentialAction":[{"@type":"SearchAction","target":{"@type":"EntryPoint","urlTemplate":"https:\/\/northalbaniaboat.com\/?s={search_term_string}"},"query-input":{"@type":"PropertyValueSpecification","valueRequired":true,"valueName":"search_term_string"}}],"inLanguage":"lv-LV"},{"@type":"Organization","@id":"https:\/\/northalbaniaboat.com\/#organization","name":"Zieme\u013calb\u0101nija Laiva","url":"https:\/\/northalbaniaboat.com\/","logo":{"@type":"ImageObject","inLanguage":"lv-LV","@id":"https:\/\/northalbaniaboat.com\/#\/schema\/logo\/image\/","url":"https:\/\/northalbaniaboat.com\/wp-content\/uploads\/2025\/07\/logo.svg","contentUrl":"https:\/\/northalbaniaboat.com\/wp-content\/uploads\/2025\/07\/logo.svg","width":1280,"height":587,"caption":"North Albania Boat"},"image":{"@id":"https:\/\/northalbaniaboat.com\/#\/schema\/logo\/image\/"},"sameAs":["https:\/\/www.facebook.com\/NorthAlbaniaBoat\/","https:\/\/x.com\/NorthAlbBoat","https:\/\/www.instagram.com\/northalbaniaboat\/","https:\/\/www.youtube.com\/@NorthAlbaniaBoat"]}]}},"_links":{"self":[{"href":"https:\/\/northalbaniaboat.com\/lv\/wp-json\/wp\/v2\/pages\/3","targetHints":{"allow":["GET"]}}],"collection":[{"href":"https:\/\/northalbaniaboat.com\/lv\/wp-json\/wp\/v2\/pages"}],"about":[{"href":"https:\/\/northalbaniaboat.com\/lv\/wp-json\/wp\/v2\/types\/page"}],"author":[{"embeddable":true,"href":"https:\/\/northalbaniaboat.com\/lv\/wp-json\/wp\/v2\/users\/1"}],"replies":[{"embeddable":true,"href":"https:\/\/northalbaniaboat.com\/lv\/wp-json\/wp\/v2\/comments?post=3"}],"version-history":[{"count":2,"href":"https:\/\/northalbaniaboat.com\/lv\/wp-json\/wp\/v2\/pages\/3\/revisions"}],"predecessor-version":[{"id":24821,"href":"https:\/\/northalbaniaboat.com\/lv\/wp-json\/wp\/v2\/pages\/3\/revisions\/24821"}],"wp:attachment":[{"href":"https:\/\/northalbaniaboat.com\/lv\/wp-json\/wp\/v2\/media?parent=3"}],"curies":[{"name":"wp","href":"https:\/\/api.w.org\/{rel}","templated":true}]}}