{"id":523,"date":"2025-07-20T21:52:03","date_gmt":"2025-07-20T21:52:03","guid":{"rendered":"https:\/\/northa.growdevs.com\/index.php\/all-items\/"},"modified":"2025-07-20T21:52:03","modified_gmt":"2025-07-20T21:52:03","slug":"minden-tetel","status":"publish","type":"page","link":"https:\/\/northalbaniaboat.com\/hu\/minden-tetel\/","title":{"rendered":"All items"},"content":{"rendered":"<div class=\"babe_shortcode_block sc_all_items\" >\n\t\t\t\t\t<div class=\"babe_shortcode_block_bg_inner\">\n\t\t\t\t\t\t<h2 class=\"babe_shortcode_block_title\"><\/h2>\n\t\t\t\t\t\t\n\t\t\t\t\t\t<div class=\"babe_shortcode_block_inner\">\n\t\t\t\t\t\t\t\n           <div class=\"babe_all_items_item block_search_res_grid\">\n\t\t\t\t<div class=\"babe_all_items_item_inner\">\n\t\t\t\t\t<div class=\"item_img related_item_img\">\n\t\t\t\t\t\t<a href=\"https:\/\/northalbaniaboat.com\/hu\/to_book\/komani-to-shala-folyami-csonaktura\/\"><img decoding=\"async\" src=\"https:\/\/northalbaniaboat.com\/wp-content\/uploads\/2025\/07\/Komani-Lake-Shala-River-500x500.jpg\"><\/a>\n\t\t\t\t\t<\/div>\n\t\t\t\t\t<div class=\"item_text related_item_text\">\n                        <div class=\"item_title related_item_title\">\n                            <a href=\"https:\/\/northalbaniaboat.com\/hu\/to_book\/komani-to-shala-folyami-csonaktura\/\">Komani-t\u00f3 \u00e9s a Shala foly\u00f3 k\u00f6z\u00f6tti napi cs\u00f3nakt\u00fara<\/a>\n                            \n                        <\/div>\n\t\t\t\t\t\t<div class=\"item_info_price\">\n\t\t\t\t\t\t\t<label>from<\/label>\n\t\t\t\t\t\t\t\n\t\t\t\t\t\t\t<span class=\"item_info_price_new\"><span class=\"currency_amount\" data-amount=\"25\">25.00<span class=\"currency_symbol\">\u20ac<\/span><\/span><\/span>\n                             \n\t\t\t\t\t\t<\/div>\n\t\t\t\t\t\t\n\t\t\t\t\t\t<div class=\"item_description\">\n\t\t\t\t\t\t\t<p data-start=\"7824\" data-end=\"7948\">Tapasztalja meg a l\u00e9legzetel\u00e1ll\u00edt\u00f3 Komani-t\u00f3 \u00e9s a Shala foly\u00f3 k\u00f6z\u00f6tti cs\u00f3nakt\u00far\u00e1t, az egyik...<\/p>\n\t\t\t\t\t\t<\/div>\n\t\t\t\t\t<\/div>\n\t\t\t\t<\/div>\n\t\t\t<\/div>\n            \n           <div class=\"babe_all_items_item block_search_res_grid\">\n\t\t\t\t<div class=\"babe_all_items_item_inner\">\n\t\t\t\t\t<div class=\"item_img related_item_img\">\n\t\t\t\t\t\t<a href=\"https:\/\/northalbaniaboat.com\/hu\/to_book\/shkoder-shala-folyo-tura\/\"><img decoding=\"async\" src=\"https:\/\/northalbaniaboat.com\/wp-content\/uploads\/2025\/07\/North-Albania-Boat-Our-Boats-30-scaled-1-500x500.jpg\"><\/a>\n\t\t\t\t\t<\/div>\n\t\t\t\t\t<div class=\"item_text related_item_text\">\n                        <div class=\"item_title related_item_title\">\n                            <a href=\"https:\/\/northalbaniaboat.com\/hu\/to_book\/shkoder-shala-folyo-tura\/\">Shkoder \u00e9s a Shala foly\u00f3 napi haj\u00f3s t\u00fara<\/a>\n                            \n                        <\/div>\n\t\t\t\t\t\t<div class=\"item_info_price\">\n\t\t\t\t\t\t\t<label>from<\/label>\n\t\t\t\t\t\t\t\n\t\t\t\t\t\t\t<span class=\"item_info_price_new\"><span class=\"currency_amount\" data-amount=\"40\">40.00<span class=\"currency_symbol\">\u20ac<\/span><\/span><\/span>\n                             \n\t\t\t\t\t\t<\/div>\n\t\t\t\t\t\t\n\t\t\t\t\t\t<div class=\"item_description\">\n\t\t\t\t\t\t\t<p data-start=\"323\" data-end=\"522\">Shkoder a term\u00e9szetes b\u00e1zisa Alb\u00e1nia ezen r\u00e9sz\u00e9nek. Ez\u00e9rt...<\/p>\n\t\t\t\t\t\t<\/div>\n\t\t\t\t\t<\/div>\n\t\t\t\t<\/div>\n\t\t\t<\/div>\n            \n           <div class=\"babe_all_items_item block_search_res_grid\">\n\t\t\t\t<div class=\"babe_all_items_item_inner\">\n\t\t\t\t\t<div class=\"item_img related_item_img\">\n\t\t\t\t\t\t<a href=\"https:\/\/northalbaniaboat.com\/hu\/to_book\/lezhe-shala-folyo\/\"><img decoding=\"async\" src=\"https:\/\/northalbaniaboat.com\/wp-content\/uploads\/2025\/07\/North-Albania-Boat-Shala-River-3.jpg\"><\/a>\n\t\t\t\t\t<\/div>\n\t\t\t\t\t<div class=\"item_text related_item_text\">\n                        <div class=\"item_title related_item_title\">\n                            <a href=\"https:\/\/northalbaniaboat.com\/hu\/to_book\/lezhe-shala-folyo\/\">Lezhe \u00e9s a Shala foly\u00f3 napi cs\u00f3nakt\u00fara<\/a>\n                            \n                        <\/div>\n\t\t\t\t\t\t<div class=\"item_info_price\">\n\t\t\t\t\t\t\t<label>from<\/label>\n\t\t\t\t\t\t\t\n\t\t\t\t\t\t\t<span class=\"item_info_price_new\"><span class=\"currency_amount\" data-amount=\"45\">45.00<span class=\"currency_symbol\">\u20ac<\/span><\/span><\/span>\n                             \n\t\t\t\t\t\t<\/div>\n\t\t\t\t\t\t\n\t\t\t\t\t\t<div class=\"item_description\">\n\t\t\t\t\t\t\t<p data-start=\"325\" data-end=\"690\">Ez a t\u00fara Lezhe-b\u0151l a Komani-t\u00f3hoz visz, majd...<\/p>\n\t\t\t\t\t\t<\/div>\n\t\t\t\t\t<\/div>\n\t\t\t\t<\/div>\n\t\t\t<\/div>\n            \n           <div class=\"babe_all_items_item block_search_res_grid\">\n\t\t\t\t<div class=\"babe_all_items_item_inner\">\n\t\t\t\t\t<div class=\"item_img related_item_img\">\n\t\t\t\t\t\t<a href=\"https:\/\/northalbaniaboat.com\/hu\/to_book\/tiranatol-a-shala-folyoig\/\"><img decoding=\"async\" src=\"https:\/\/northalbaniaboat.com\/wp-content\/uploads\/2025\/07\/berishariver.jpg\"><\/a>\n\t\t\t\t\t<\/div>\n\t\t\t\t\t<div class=\"item_text related_item_text\">\n                        <div class=\"item_title related_item_title\">\n                            <a href=\"https:\/\/northalbaniaboat.com\/hu\/to_book\/tiranatol-a-shala-folyoig\/\">Tirana \u00e9s a Shala foly\u00f3 k\u00f6z\u00f6tti napi haj\u00f3s t\u00fara<\/a>\n                            \n                        <\/div>\n\t\t\t\t\t\t<div class=\"item_info_price\">\n\t\t\t\t\t\t\t<label>from<\/label>\n\t\t\t\t\t\t\t\n\t\t\t\t\t\t\t<span class=\"item_info_price_new\"><span class=\"currency_amount\" data-amount=\"50\">50.00<span class=\"currency_symbol\">\u20ac<\/span><\/span><\/span>\n                             \n\t\t\t\t\t\t<\/div>\n\t\t\t\t\t\t\n\t\t\t\t\t\t<div class=\"item_description\">\n\t\t\t\t\t\t\t<p data-start=\"4346\" data-end=\"4482\">Ez a t\u00fara Tiran\u00e1b\u00f3l a Komani-t\u00f3hoz, majd...<\/p>\n\t\t\t\t\t\t<\/div>\n\t\t\t\t\t<\/div>\n\t\t\t\t<\/div>\n\t\t\t<\/div>\n            \n           <div class=\"babe_all_items_item block_search_res_grid\">\n\t\t\t\t<div class=\"babe_all_items_item_inner\">\n\t\t\t\t\t<div class=\"item_img related_item_img\">\n\t\t\t\t\t\t<a href=\"https:\/\/northalbaniaboat.com\/hu\/to_book\/tirana-nemzetkozi-repuloterrol-a-komani-tohoz-a-shala-folyohoz\/\"><img decoding=\"async\" src=\"https:\/\/northalbaniaboat.com\/wp-content\/uploads\/2025\/07\/IMG_4706-500x500.jpg\"><\/a>\n\t\t\t\t\t<\/div>\n\t\t\t\t\t<div class=\"item_text related_item_text\">\n                        <div class=\"item_title related_item_title\">\n                            <a href=\"https:\/\/northalbaniaboat.com\/hu\/to_book\/tirana-nemzetkozi-repuloterrol-a-komani-tohoz-a-shala-folyohoz\/\">Tirana Rep\u00fcl\u0151t\u00e9r (TIA) - Tirana Airport (TIA) \u00e9s Shala River k\u00f6z\u00f6tt napi cs\u00f3nakt\u00fara<\/a>\n                            \n                        <\/div>\n\t\t\t\t\t\t<div class=\"item_info_price\">\n\t\t\t\t\t\t\t<label>from<\/label>\n\t\t\t\t\t\t\t\n\t\t\t\t\t\t\t<span class=\"item_info_price_new\"><span class=\"currency_amount\" data-amount=\"50\">50.00<span class=\"currency_symbol\">\u20ac<\/span><\/span><\/span>\n                             \n\t\t\t\t\t\t<\/div>\n\t\t\t\t\t\t\n\t\t\t\t\t\t<div class=\"item_description\">\n\t\t\t\t\t\t\t<p data-start=\"2443\" data-end=\"2635\">Ez a t\u00fara k\u00f6zvetlen\u00fcl a tiranai nemzetk\u00f6zi rep\u00fcl\u0151t\u00e9rr\u0151l (Rinas)...<\/p>\n\t\t\t\t\t\t<\/div>\n\t\t\t\t\t<\/div>\n\t\t\t\t<\/div>\n\t\t\t<\/div>\n            \n           <div class=\"babe_all_items_item block_search_res_grid\">\n\t\t\t\t<div class=\"babe_all_items_item_inner\">\n\t\t\t\t\t<div class=\"item_img related_item_img\">\n\t\t\t\t\t\t<a href=\"https:\/\/northalbaniaboat.com\/hu\/to_book\/durres-shala-folyo\/\"><img decoding=\"async\" src=\"https:\/\/northalbaniaboat.com\/wp-content\/uploads\/2025\/07\/WhatsApp-Image-2025-12-18-at-2.54.52-PM-500x500.jpeg\"><\/a>\n\t\t\t\t\t<\/div>\n\t\t\t\t\t<div class=\"item_text related_item_text\">\n                        <div class=\"item_title related_item_title\">\n                            <a href=\"https:\/\/northalbaniaboat.com\/hu\/to_book\/durres-shala-folyo\/\">Durres \u00e9s a Shala foly\u00f3 napi haj\u00f3s t\u00fara<\/a>\n                            \n                        <\/div>\n\t\t\t\t\t\t<div class=\"item_info_price\">\n\t\t\t\t\t\t\t<label>from<\/label>\n\t\t\t\t\t\t\t\n\t\t\t\t\t\t\t<span class=\"item_info_price_new\"><span class=\"currency_amount\" data-amount=\"55\">55.00<span class=\"currency_symbol\">\u20ac<\/span><\/span><\/span>\n                             \n\t\t\t\t\t\t<\/div>\n\t\t\t\t\t\t\n\t\t\t\t\t\t<div class=\"item_description\">\n\t\t\t\t\t\t\t<p data-start=\"9520\" data-end=\"9657\">Ez a t\u00fara Durresb\u0151l a Komani-t\u00f3hoz \u00e9s a...<\/p>\n\t\t\t\t\t\t<\/div>\n\t\t\t\t\t<\/div>\n\t\t\t\t<\/div>\n\t\t\t<\/div>\n            \n           <div class=\"babe_all_items_item block_search_res_grid\">\n\t\t\t\t<div class=\"babe_all_items_item_inner\">\n\t\t\t\t\t<div class=\"item_img related_item_img\">\n\t\t\t\t\t\t<a href=\"https:\/\/northalbaniaboat.com\/hu\/to_book\/privat-taxi-transzfer\/\"><img decoding=\"async\" src=\"https:\/\/northalbaniaboat.com\/wp-content\/uploads\/2025\/07\/north-albania-boat-taxi-komani-lake-transfer-500x500.jpg\"><\/a>\n\t\t\t\t\t<\/div>\n\t\t\t\t\t<div class=\"item_text related_item_text\">\n                        <div class=\"item_title related_item_title\">\n                            <a href=\"https:\/\/northalbaniaboat.com\/hu\/to_book\/privat-taxi-transzfer\/\">Taxi transzfer a Komani-t\u00f3hoz Shkoder, Tirana, Lezhe, Durres \u00e9s TIA fel\u0151l<\/a>\n                            \n                        <\/div>\n\t\t\t\t\t\t<div class=\"item_info_price\">\n\t\t\t\t\t\t\t<label>from<\/label>\n\t\t\t\t\t\t\t\n\t\t\t\t\t\t\t<span class=\"item_info_price_new\"><span class=\"currency_amount\" data-amount=\"100\">100.00<span class=\"currency_symbol\">\u20ac<\/span><\/span><\/span>\n                             \n\t\t\t\t\t\t<\/div>\n\t\t\t\t\t\t\n\t\t\t\t\t\t<div class=\"item_description\">\n\t\t\t\t\t\t\tUtazzon a Koman-t\u00f3hoz a legegyszer\u0171bb m\u00f3don, egy eg\u00e9sz napos priv\u00e1t taxiszolg\u00e1ltat\u00e1ssal...\n\t\t\t\t\t\t<\/div>\n\t\t\t\t\t<\/div>\n\t\t\t\t<\/div>\n\t\t\t<\/div>\n            \n           <div class=\"babe_all_items_item block_search_res_grid\">\n\t\t\t\t<div class=\"babe_all_items_item_inner\">\n\t\t\t\t\t<div class=\"item_img related_item_img\">\n\t\t\t\t\t\t<a href=\"https:\/\/northalbaniaboat.com\/hu\/to_book\/koman-to-shala-folyo-magan-tura\/\"><img decoding=\"async\" src=\"https:\/\/northalbaniaboat.com\/wp-content\/uploads\/2024\/11\/North-Albania-Boat-Komani-Lake-11-500x500.jpg\"><\/a>\n\t\t\t\t\t<\/div>\n\t\t\t\t\t<div class=\"item_text related_item_text\">\n                        <div class=\"item_title related_item_title\">\n                            <a href=\"https:\/\/northalbaniaboat.com\/hu\/to_book\/koman-to-shala-folyo-magan-tura\/\">Komani-t\u00f3 - Shala foly\u00f3 Priv\u00e1t cs\u00f3nakt\u00fara<\/a>\n                            \n                        <\/div>\n\t\t\t\t\t\t<div class=\"item_info_price\">\n\t\t\t\t\t\t\t<label>from<\/label>\n\t\t\t\t\t\t\t\n\t\t\t\t\t\t\t<span class=\"item_info_price_new\"><span class=\"currency_amount\" data-amount=\"250\">250.00<span class=\"currency_symbol\">\u20ac<\/span><\/span><\/span>\n                             \n\t\t\t\t\t\t<\/div>\n\t\t\t\t\t\t\n\t\t\t\t\t\t<div class=\"item_description\">\n\t\t\t\t\t\t\t<p data-start=\"6089\" data-end=\"6269\">K\u00edn\u00e1lunk egy priv\u00e1t cs\u00f3nakt\u00far\u00e1t a Komani-t\u00f3r\u00f3l a Shala...<\/p>\n\t\t\t\t\t\t<\/div>\n\t\t\t\t\t<\/div>\n\t\t\t\t<\/div>\n\t\t\t<\/div>\n            \n\t\t\t\t\t\t<\/div>\n\t\t\t\t\t<\/div>\n\t\t\t\t<\/div>","protected":false},"excerpt":{"rendered":"","protected":false},"author":1,"featured_media":0,"parent":0,"menu_order":0,"comment_status":"closed","ping_status":"closed","template":"","meta":{"_acf_changed":false,"inline_featured_image":false,"footnotes":""},"class_list":["post-523","page","type-page","status-publish"],"acf":[],"yoast_head":"<!-- This site is optimized with the Yoast SEO plugin v26.3 - https:\/\/yoast.com\/wordpress\/plugins\/seo\/ -->\n<title>All items - North Albania Boat<\/title>\n<meta name=\"robots\" content=\"index, follow, max-snippet:-1, max-image-preview:large, max-video-preview:-1\" \/>\n<link rel=\"canonical\" href=\"https:\/\/northalbaniaboat.com\/hu\/minden-tetel\/\" \/>\n<meta property=\"og:locale\" content=\"hu_HU\" \/>\n<meta property=\"og:type\" content=\"article\" \/>\n<meta property=\"og:title\" content=\"All items - North Albania Boat\" \/>\n<meta property=\"og:url\" content=\"https:\/\/northalbaniaboat.com\/hu\/minden-tetel\/\" \/>\n<meta property=\"og:site_name\" content=\"North Albania Boat\" \/>\n<meta property=\"article:publisher\" content=\"https:\/\/www.facebook.com\/NorthAlbaniaBoat\/\" \/>\n<meta property=\"og:image\" content=\"https:\/\/northalbaniaboat.com\/wp-content\/uploads\/2025\/07\/north-albania-slide-hq-scaled-1.jpg\" \/>\n\t<meta property=\"og:image:width\" content=\"2560\" \/>\n\t<meta property=\"og:image:height\" content=\"1465\" \/>\n\t<meta property=\"og:image:type\" content=\"image\/jpeg\" \/>\n<meta name=\"twitter:card\" content=\"summary_large_image\" \/>\n<meta name=\"twitter:site\" content=\"@NorthAlbBoat\" \/>\n<script type=\"application\/ld+json\" class=\"yoast-schema-graph\">{\"@context\":\"https:\/\/schema.org\",\"@graph\":[{\"@type\":\"WebPage\",\"@id\":\"https:\/\/northalbaniaboat.com\/all-items\/\",\"url\":\"https:\/\/northalbaniaboat.com\/all-items\/\",\"name\":\"All items - North Albania Boat\",\"isPartOf\":{\"@id\":\"https:\/\/northalbaniaboat.com\/#website\"},\"datePublished\":\"2025-07-20T21:52:03+00:00\",\"breadcrumb\":{\"@id\":\"https:\/\/northalbaniaboat.com\/all-items\/#breadcrumb\"},\"inLanguage\":\"hu\",\"potentialAction\":[{\"@type\":\"ReadAction\",\"target\":[\"https:\/\/northalbaniaboat.com\/all-items\/\"]}]},{\"@type\":\"BreadcrumbList\",\"@id\":\"https:\/\/northalbaniaboat.com\/all-items\/#breadcrumb\",\"itemListElement\":[{\"@type\":\"ListItem\",\"position\":1,\"name\":\"Home\",\"item\":\"https:\/\/northalbaniaboat.com\/\"},{\"@type\":\"ListItem\",\"position\":2,\"name\":\"All items\"}]},{\"@type\":\"WebSite\",\"@id\":\"https:\/\/northalbaniaboat.com\/#website\",\"url\":\"https:\/\/northalbaniaboat.com\/\",\"name\":\"North Albania Boat\",\"description\":\"Visit Komani Lake and Shala River by Safari Boat\",\"publisher\":{\"@id\":\"https:\/\/northalbaniaboat.com\/#organization\"},\"alternateName\":\"Komani Lake & Shala River Tours\",\"potentialAction\":[{\"@type\":\"SearchAction\",\"target\":{\"@type\":\"EntryPoint\",\"urlTemplate\":\"https:\/\/northalbaniaboat.com\/?s={search_term_string}\"},\"query-input\":{\"@type\":\"PropertyValueSpecification\",\"valueRequired\":true,\"valueName\":\"search_term_string\"}}],\"inLanguage\":\"hu\"},{\"@type\":\"Organization\",\"@id\":\"https:\/\/northalbaniaboat.com\/#organization\",\"name\":\"North Albania Boat\",\"url\":\"https:\/\/northalbaniaboat.com\/\",\"logo\":{\"@type\":\"ImageObject\",\"inLanguage\":\"hu\",\"@id\":\"https:\/\/northalbaniaboat.com\/#\/schema\/logo\/image\/\",\"url\":\"https:\/\/northalbaniaboat.com\/wp-content\/uploads\/2025\/07\/logo.svg\",\"contentUrl\":\"https:\/\/northalbaniaboat.com\/wp-content\/uploads\/2025\/07\/logo.svg\",\"width\":1280,\"height\":587,\"caption\":\"North Albania Boat\"},\"image\":{\"@id\":\"https:\/\/northalbaniaboat.com\/#\/schema\/logo\/image\/\"},\"sameAs\":[\"https:\/\/www.facebook.com\/NorthAlbaniaBoat\/\",\"https:\/\/x.com\/NorthAlbBoat\",\"https:\/\/www.instagram.com\/northalbaniaboat\/\",\"https:\/\/www.youtube.com\/@NorthAlbaniaBoat\"]}]}<\/script>\n<!-- \/ Yoast SEO plugin. -->","yoast_head_json":{"title":"\u00d6sszes t\u00e9tel - \u00c9szak-Alb\u00e1nia Haj\u00f3","robots":{"index":"index","follow":"follow","max-snippet":"max-snippet:-1","max-image-preview":"max-image-preview:large","max-video-preview":"max-video-preview:-1"},"canonical":"https:\/\/northalbaniaboat.com\/hu\/minden-tetel\/","og_locale":"hu_HU","og_type":"article","og_title":"All items - North Albania Boat","og_url":"https:\/\/northalbaniaboat.com\/hu\/minden-tetel\/","og_site_name":"North Albania Boat","article_publisher":"https:\/\/www.facebook.com\/NorthAlbaniaBoat\/","og_image":[{"width":2560,"height":1465,"url":"https:\/\/northalbaniaboat.com\/wp-content\/uploads\/2025\/07\/north-albania-slide-hq-scaled-1.jpg","type":"image\/jpeg"}],"twitter_card":"summary_large_image","twitter_site":"@NorthAlbBoat","schema":{"@context":"https:\/\/schema.org","@graph":[{"@type":"WebPage","@id":"https:\/\/northalbaniaboat.com\/all-items\/","url":"https:\/\/northalbaniaboat.com\/all-items\/","name":"\u00d6sszes t\u00e9tel - \u00c9szak-Alb\u00e1nia Haj\u00f3","isPartOf":{"@id":"https:\/\/northalbaniaboat.com\/#website"},"datePublished":"2025-07-20T21:52:03+00:00","breadcrumb":{"@id":"https:\/\/northalbaniaboat.com\/all-items\/#breadcrumb"},"inLanguage":"hu","potentialAction":[{"@type":"ReadAction","target":["https:\/\/northalbaniaboat.com\/all-items\/"]}]},{"@type":"BreadcrumbList","@id":"https:\/\/northalbaniaboat.com\/all-items\/#breadcrumb","itemListElement":[{"@type":"ListItem","position":1,"name":"Home","item":"https:\/\/northalbaniaboat.com\/"},{"@type":"ListItem","position":2,"name":"All items"}]},{"@type":"WebSite","@id":"https:\/\/northalbaniaboat.com\/#website","url":"https:\/\/northalbaniaboat.com\/","name":"\u00c9szak-Alb\u00e1nia haj\u00f3","description":"L\u00e1togat\u00e1s a Komani-t\u00f3hoz \u00e9s a Shala foly\u00f3hoz szafari cs\u00f3nakkal","publisher":{"@id":"https:\/\/northalbaniaboat.com\/#organization"},"alternateName":"Komani Lake & Shala River Tours","potentialAction":[{"@type":"SearchAction","target":{"@type":"EntryPoint","urlTemplate":"https:\/\/northalbaniaboat.com\/?s={search_term_string}"},"query-input":{"@type":"PropertyValueSpecification","valueRequired":true,"valueName":"search_term_string"}}],"inLanguage":"hu"},{"@type":"Organization","@id":"https:\/\/northalbaniaboat.com\/#organization","name":"\u00c9szak-Alb\u00e1nia haj\u00f3","url":"https:\/\/northalbaniaboat.com\/","logo":{"@type":"ImageObject","inLanguage":"hu","@id":"https:\/\/northalbaniaboat.com\/#\/schema\/logo\/image\/","url":"https:\/\/northalbaniaboat.com\/wp-content\/uploads\/2025\/07\/logo.svg","contentUrl":"https:\/\/northalbaniaboat.com\/wp-content\/uploads\/2025\/07\/logo.svg","width":1280,"height":587,"caption":"North Albania Boat"},"image":{"@id":"https:\/\/northalbaniaboat.com\/#\/schema\/logo\/image\/"},"sameAs":["https:\/\/www.facebook.com\/NorthAlbaniaBoat\/","https:\/\/x.com\/NorthAlbBoat","https:\/\/www.instagram.com\/northalbaniaboat\/","https:\/\/www.youtube.com\/@NorthAlbaniaBoat"]}]}},"_links":{"self":[{"href":"https:\/\/northalbaniaboat.com\/hu\/wp-json\/wp\/v2\/pages\/523","targetHints":{"allow":["GET"]}}],"collection":[{"href":"https:\/\/northalbaniaboat.com\/hu\/wp-json\/wp\/v2\/pages"}],"about":[{"href":"https:\/\/northalbaniaboat.com\/hu\/wp-json\/wp\/v2\/types\/page"}],"author":[{"embeddable":true,"href":"https:\/\/northalbaniaboat.com\/hu\/wp-json\/wp\/v2\/users\/1"}],"replies":[{"embeddable":true,"href":"https:\/\/northalbaniaboat.com\/hu\/wp-json\/wp\/v2\/comments?post=523"}],"version-history":[{"count":0,"href":"https:\/\/northalbaniaboat.com\/hu\/wp-json\/wp\/v2\/pages\/523\/revisions"}],"wp:attachment":[{"href":"https:\/\/northalbaniaboat.com\/hu\/wp-json\/wp\/v2\/media?parent=523"}],"curies":[{"name":"wp","href":"https:\/\/api.w.org\/{rel}","templated":true}]}}