{"id":3,"date":"2025-07-18T01:34:24","date_gmt":"2025-07-18T01:34:24","guid":{"rendered":"https:\/\/northa.growdevs.com\/?page_id=3"},"modified":"2026-01-05T20:36:53","modified_gmt":"2026-01-05T20:36:53","slug":"adatvedelmi-politika","status":"publish","type":"page","link":"https:\/\/northalbaniaboat.com\/hu\/adatvedelmi-politika\/","title":{"rendered":"Adatv\u00e9delmi ir\u00e1nyelvek"},"content":{"rendered":"<h1 class=\"gb-text\">Adatv\u00e9delmi ir\u00e1nyelvek<\/h1>\n\n\n\n<p>A  c\u00edmen.&nbsp;<strong>\u00c9szak-Alb\u00e1nia haj\u00f3<\/strong>, \u00e9rt\u00e9kelj\u00fck az \u00d6n mag\u00e1n\u00e9let\u00e9t, \u00e9s elk\u00f6telezettek vagyunk szem\u00e9lyes adatainak v\u00e9delme mellett. Ez az adatv\u00e9delmi szab\u00e1lyzat ismerteti, hogyan gy\u0171jtj\u00fck, haszn\u00e1ljuk \u00e9s v\u00e9dj\u00fck az \u00d6n adatait, amikor megl\u00e1togatja weboldalunkat, t\u00far\u00e1t foglal, vagy kapcsolatba l\u00e9p szolg\u00e1ltat\u00e1sainkkal.<\/p>\n\n\n\n<p><strong>1. Az \u00e1ltalunk gy\u0171jt\u00f6tt inform\u00e1ci\u00f3k<\/strong><\/p>\n\n\n\n<p>A k\u00f6vetkez\u0151 t\u00edpus\u00fa szem\u00e9lyes adatokat gy\u0171jthetj\u00fck:<\/p>\n\n\n\n<ul class=\"wp-block-list\">\n<li><strong>Szem\u00e9lyazonos\u00edt\u00f3 adatok<\/strong>: N\u00e9v, e-mail c\u00edm, telefonsz\u00e1m, c\u00edm stb., amikor t\u00far\u00e1t foglal vagy kapcsolatba l\u00e9p vel\u00fcnk.<\/li>\n\n\n\n<li><strong>Napl\u00f3 adatok<\/strong>: A b\u00f6ng\u00e9sz\u0151je \u00e1ltal a weboldalunk l\u00e1togat\u00e1sakor k\u00fcld\u00f6tt inform\u00e1ci\u00f3k, bele\u00e9rtve az IP-c\u00edmeket, a b\u00f6ng\u00e9sz\u0151 t\u00edpus\u00e1t, a megl\u00e1togatott oldalakat \u00e9s a l\u00e1togat\u00e1si id\u0151t.<\/li>\n<\/ul>\n\n\n\n<p><strong>2. Hogyan haszn\u00e1ljuk fel az \u00d6n adatait<\/strong><\/p>\n\n\n\n<p>Az \u00f6sszegy\u0171jt\u00f6tt inform\u00e1ci\u00f3kat a k\u00f6vetkez\u0151 c\u00e9lokra haszn\u00e1ljuk fel:<\/p>\n\n\n\n<ul class=\"wp-block-list\">\n<li>A foglal\u00e1sok feldolgoz\u00e1sa \u00e9s a t\u00farafoglal\u00e1sok meger\u0151s\u00edt\u00e9se.<\/li>\n\n\n\n<li>Hogy friss\u00edt\u00e9seket vagy prom\u00f3ci\u00f3s aj\u00e1nlatokat k\u00fcldj\u00fcnk \u00d6nnek a t\u00far\u00e1inkkal kapcsolatban.<\/li>\n\n\n\n<li>\u00dcgyf\u00e9lszolg\u00e1lat ny\u00fajt\u00e1sa \u00e9s az \u00d6n megkeres\u00e9seinek megv\u00e1laszol\u00e1sa.<\/li>\n\n\n\n<li>Weboldalunk, szolg\u00e1ltat\u00e1saink \u00e9s \u00fcgyf\u00e9l\u00e9lm\u00e9ny\u00fcnk jav\u00edt\u00e1sa \u00e9rdek\u00e9ben.<\/li>\n<\/ul>\n\n\n\n<p><strong>3. Hogyan v\u00e9dj\u00fck az \u00d6n adatait<\/strong><\/p>\n\n\n\n<p>Sz\u00e1mos biztons\u00e1gi int\u00e9zked\u00e9st alkalmazunk az \u00d6n szem\u00e9lyes adatainak biztons\u00e1ga \u00e9rdek\u00e9ben, amikor megrendel\u00e9st ad le, vagy hozz\u00e1f\u00e9r szem\u00e9lyes adataihoz. Ezek k\u00f6z\u00e9 tartoznak a biztons\u00e1gos szerverek, a titkos\u00edtott kapcsolatok \u00e9s a hozz\u00e1f\u00e9r\u00e9si korl\u00e1toz\u00e1sok.<\/p>\n\n\n\n<p><strong>4. Az \u00d6n adatainak megoszt\u00e1sa<\/strong><\/p>\n\n\n\n<p>Nem adjuk el, nem keresked\u00fcnk az \u00d6n szem\u00e9lyes adatait, \u00e9s nem adjuk b\u00e9rbe harmadik f\u00e9lnek. Megoszthatjuk azonban az inform\u00e1ci\u00f3kat megb\u00edzhat\u00f3 partnerekkel \u00e9s szolg\u00e1ltat\u00f3kkal, akik seg\u00edtenek benn\u00fcnket \u00fczlet\u00fcnk m\u0171k\u00f6dtet\u00e9s\u00e9ben, p\u00e9ld\u00e1ul a fizet\u00e9si szolg\u00e1ltat\u00f3kkal vagy az e-mail szolg\u00e1ltat\u00f3kkal. Ezek a harmadik felek k\u00f6telesek meg\u0151rizni az \u00d6n adatainak bizalmas kezel\u00e9s\u00e9t.<\/p>\n\n\n\n<p><strong>5. S\u00fctik<\/strong><\/p>\n\n\n\n<p>Weboldalunk s\u00fctiket haszn\u00e1lhat a felhaszn\u00e1l\u00f3i \u00e9lm\u00e9ny fokoz\u00e1sa \u00e9rdek\u00e9ben. A s\u00fctik az \u00d6n eszk\u00f6z\u00e9n t\u00e1rolt kis f\u00e1jlok, amelyek seg\u00edtenek nek\u00fcnk megjegyezni az \u00d6n preferenci\u00e1it \u00e9s jav\u00edtani a funkcionalit\u00e1st. A cookie-k be\u00e1ll\u00edt\u00e1sait a b\u00f6ng\u00e9sz\u0151 be\u00e1ll\u00edt\u00e1sain kereszt\u00fcl kezelheti.<\/p>\n\n\n\n<p><strong>6. Harmadik f\u00e9lt\u0151l sz\u00e1rmaz\u00f3 linkek<\/strong><\/p>\n\n\n\n<p>Weboldalunk tartalmazhat harmadik felek weboldalaira mutat\u00f3 linkeket. Nem vagyunk felel\u0151sek ezen k\u00fcls\u0151 webhelyek adatv\u00e9delmi gyakorlat\u00e1\u00e9rt. Javasoljuk, hogy olvassa el az adatv\u00e9delmi ir\u00e1nyelveket, amikor megl\u00e1togatja ezeket a webhelyeket.<\/p>\n\n\n\n<p><strong>7. Az \u00d6n jogai<\/strong><\/p>\n\n\n\n<p>\u00d6nnek joga van a k\u00f6vetkez\u0151kh\u00f6z:<\/p>\n\n\n\n<ul class=\"wp-block-list\">\n<li>Hozz\u00e1f\u00e9r\u00e9s, friss\u00edt\u00e9s vagy szem\u00e9lyes adatainak jav\u00edt\u00e1sa.<\/li>\n\n\n\n<li>k\u00e9rheti adatai t\u00f6rl\u00e9s\u00e9t, a jogi k\u00f6telezetts\u00e9gekre is figyelemmel.<\/li>\n\n\n\n<li>B\u00e1rmikor lemondhat a prom\u00f3ci\u00f3s e-mailek fogad\u00e1s\u00e1r\u00f3l a \u201cleiratkoz\u00e1s\u201d gombra kattintva, vagy kapcsolatba l\u00e9phet vel\u00fcnk.<\/li>\n<\/ul>\n\n\n\n<p><strong>8. Az Adatv\u00e9delmi szab\u00e1lyzat m\u00f3dos\u00edt\u00e1sai<\/strong><\/p>\n\n\n\n<p>Fenntartjuk a jogot, hogy b\u00e1rmikor friss\u00edts\u00fck ezt az Adatv\u00e9delmi szab\u00e1lyzatot. B\u00e1rmilyen v\u00e1ltoz\u00e1st k\u00f6zz\u00e9tesz\u00fcnk ezen az oldalon a friss\u00edtett d\u00e1tummal egy\u00fctt. Javasoljuk, hogy rendszeresen tekintse \u00e1t ezt az Adatv\u00e9delmi szab\u00e1lyzatot.<\/p>\n\n\n\n<p><strong>9. Kapcsolatfelv\u00e9tel<\/strong><\/p>\n\n\n\n<p>Ha b\u00e1rmilyen k\u00e9rd\u00e9se vagy agg\u00e1lya van a jelen Adatv\u00e9delmi ir\u00e1nyelvekkel vagy gyakorlatainkkal kapcsolatban, k\u00e9rj\u00fck, l\u00e9pjen kapcsolatba vel\u00fcnk a k\u00f6vetkez\u0151 c\u00edmen:<\/p>\n\n\n\n<p><strong>\u00c9szak-Alb\u00e1nia haj\u00f3<\/strong><br>E-mail: info@northalbaniaboat.com<br>WhatsApp: +355 69 701 1334<br>Honlap: https:\/\/northalbaniaboat.com\/<\/p>\n\n\n\n<p><\/p>","protected":false},"excerpt":{"rendered":"<p>Privacy Policy At&nbsp;North Albania Boat, we value your privacy and are committed to protecting your personal information. This Privacy Policy outlines how we collect, use, and protect your data when you visit our website, book a tour, or interact with our services. 1. Information We Collect We may collect the following types of personal information: &#8230; <a title=\"Adatv\u00e9delmi ir\u00e1nyelvek\" class=\"read-more\" href=\"https:\/\/northalbaniaboat.com\/hu\/adatvedelmi-politika\/\" aria-label=\"Read more about Privacy Policy\">Olvass tov\u00e1bb<\/a><\/p>","protected":false},"author":1,"featured_media":0,"parent":0,"menu_order":0,"comment_status":"closed","ping_status":"open","template":"","meta":{"_acf_changed":false,"inline_featured_image":false,"footnotes":""},"class_list":["post-3","page","type-page","status-publish"],"acf":[],"yoast_head":"<!-- This site is optimized with the Yoast SEO plugin v26.3 - https:\/\/yoast.com\/wordpress\/plugins\/seo\/ -->\n<title>Privacy Policy - North Albania Boat<\/title>\n<meta name=\"robots\" content=\"index, follow, max-snippet:-1, max-image-preview:large, max-video-preview:-1\" \/>\n<link rel=\"canonical\" href=\"https:\/\/northalbaniaboat.com\/hu\/adatvedelmi-politika\/\" \/>\n<meta property=\"og:locale\" content=\"hu_HU\" \/>\n<meta property=\"og:type\" content=\"article\" \/>\n<meta property=\"og:title\" content=\"Privacy Policy - North Albania Boat\" \/>\n<meta property=\"og:description\" content=\"Privacy Policy At&nbsp;North Albania Boat, we value your privacy and are committed to protecting your personal information. This Privacy Policy outlines how we collect, use, and protect your data when you visit our website, book a tour, or interact with our services. 1. Information We Collect We may collect the following types of personal information: ... Olvass tov\u00e1bb\" \/>\n<meta property=\"og:url\" content=\"https:\/\/northalbaniaboat.com\/hu\/adatvedelmi-politika\/\" \/>\n<meta property=\"og:site_name\" content=\"North Albania Boat\" \/>\n<meta property=\"article:publisher\" content=\"https:\/\/www.facebook.com\/NorthAlbaniaBoat\/\" \/>\n<meta property=\"article:modified_time\" content=\"2026-01-05T20:36:53+00:00\" \/>\n<meta property=\"og:image\" content=\"https:\/\/northalbaniaboat.com\/wp-content\/uploads\/2025\/07\/north-albania-slide-hq-scaled-1.jpg\" \/>\n\t<meta property=\"og:image:width\" content=\"2560\" \/>\n\t<meta property=\"og:image:height\" content=\"1465\" \/>\n\t<meta property=\"og:image:type\" content=\"image\/jpeg\" \/>\n<meta name=\"twitter:card\" content=\"summary_large_image\" \/>\n<meta name=\"twitter:site\" content=\"@NorthAlbBoat\" \/>\n<meta name=\"twitter:label1\" content=\"Becs\u00fclt olvas\u00e1si id\u0151\" \/>\n\t<meta name=\"twitter:data1\" content=\"2 perc\" \/>\n<script type=\"application\/ld+json\" class=\"yoast-schema-graph\">{\"@context\":\"https:\/\/schema.org\",\"@graph\":[{\"@type\":\"WebPage\",\"@id\":\"https:\/\/northalbaniaboat.com\/privacy-policy\/\",\"url\":\"https:\/\/northalbaniaboat.com\/privacy-policy\/\",\"name\":\"Privacy Policy - North Albania Boat\",\"isPartOf\":{\"@id\":\"https:\/\/northalbaniaboat.com\/#website\"},\"datePublished\":\"2025-07-18T01:34:24+00:00\",\"dateModified\":\"2026-01-05T20:36:53+00:00\",\"breadcrumb\":{\"@id\":\"https:\/\/northalbaniaboat.com\/privacy-policy\/#breadcrumb\"},\"inLanguage\":\"hu\",\"potentialAction\":[{\"@type\":\"ReadAction\",\"target\":[\"https:\/\/northalbaniaboat.com\/privacy-policy\/\"]}]},{\"@type\":\"BreadcrumbList\",\"@id\":\"https:\/\/northalbaniaboat.com\/privacy-policy\/#breadcrumb\",\"itemListElement\":[{\"@type\":\"ListItem\",\"position\":1,\"name\":\"Home\",\"item\":\"https:\/\/northalbaniaboat.com\/\"},{\"@type\":\"ListItem\",\"position\":2,\"name\":\"Privacy Policy\"}]},{\"@type\":\"WebSite\",\"@id\":\"https:\/\/northalbaniaboat.com\/#website\",\"url\":\"https:\/\/northalbaniaboat.com\/\",\"name\":\"North Albania Boat\",\"description\":\"Visit Komani Lake and Shala River by Safari Boat\",\"publisher\":{\"@id\":\"https:\/\/northalbaniaboat.com\/#organization\"},\"alternateName\":\"Komani Lake & Shala River Tours\",\"potentialAction\":[{\"@type\":\"SearchAction\",\"target\":{\"@type\":\"EntryPoint\",\"urlTemplate\":\"https:\/\/northalbaniaboat.com\/?s={search_term_string}\"},\"query-input\":{\"@type\":\"PropertyValueSpecification\",\"valueRequired\":true,\"valueName\":\"search_term_string\"}}],\"inLanguage\":\"hu\"},{\"@type\":\"Organization\",\"@id\":\"https:\/\/northalbaniaboat.com\/#organization\",\"name\":\"North Albania Boat\",\"url\":\"https:\/\/northalbaniaboat.com\/\",\"logo\":{\"@type\":\"ImageObject\",\"inLanguage\":\"hu\",\"@id\":\"https:\/\/northalbaniaboat.com\/#\/schema\/logo\/image\/\",\"url\":\"https:\/\/northalbaniaboat.com\/wp-content\/uploads\/2025\/07\/logo.svg\",\"contentUrl\":\"https:\/\/northalbaniaboat.com\/wp-content\/uploads\/2025\/07\/logo.svg\",\"width\":1280,\"height\":587,\"caption\":\"North Albania Boat\"},\"image\":{\"@id\":\"https:\/\/northalbaniaboat.com\/#\/schema\/logo\/image\/\"},\"sameAs\":[\"https:\/\/www.facebook.com\/NorthAlbaniaBoat\/\",\"https:\/\/x.com\/NorthAlbBoat\",\"https:\/\/www.instagram.com\/northalbaniaboat\/\",\"https:\/\/www.youtube.com\/@NorthAlbaniaBoat\"]}]}<\/script>\n<!-- \/ Yoast SEO plugin. -->","yoast_head_json":{"title":"Adatv\u00e9delmi szab\u00e1lyzat - \u00c9szak-Alb\u00e1nia Haj\u00f3","robots":{"index":"index","follow":"follow","max-snippet":"max-snippet:-1","max-image-preview":"max-image-preview:large","max-video-preview":"max-video-preview:-1"},"canonical":"https:\/\/northalbaniaboat.com\/hu\/adatvedelmi-politika\/","og_locale":"hu_HU","og_type":"article","og_title":"Privacy Policy - North Albania Boat","og_description":"Privacy Policy At&nbsp;North Albania Boat, we value your privacy and are committed to protecting your personal information. This Privacy Policy outlines how we collect, use, and protect your data when you visit our website, book a tour, or interact with our services. 1. Information We Collect We may collect the following types of personal information: ... Olvass tov\u00e1bb","og_url":"https:\/\/northalbaniaboat.com\/hu\/adatvedelmi-politika\/","og_site_name":"North Albania Boat","article_publisher":"https:\/\/www.facebook.com\/NorthAlbaniaBoat\/","article_modified_time":"2026-01-05T20:36:53+00:00","og_image":[{"width":2560,"height":1465,"url":"https:\/\/northalbaniaboat.com\/wp-content\/uploads\/2025\/07\/north-albania-slide-hq-scaled-1.jpg","type":"image\/jpeg"}],"twitter_card":"summary_large_image","twitter_site":"@NorthAlbBoat","twitter_misc":{"Becs\u00fclt olvas\u00e1si id\u0151":"2 perc"},"schema":{"@context":"https:\/\/schema.org","@graph":[{"@type":"WebPage","@id":"https:\/\/northalbaniaboat.com\/privacy-policy\/","url":"https:\/\/northalbaniaboat.com\/privacy-policy\/","name":"Adatv\u00e9delmi szab\u00e1lyzat - \u00c9szak-Alb\u00e1nia Haj\u00f3","isPartOf":{"@id":"https:\/\/northalbaniaboat.com\/#website"},"datePublished":"2025-07-18T01:34:24+00:00","dateModified":"2026-01-05T20:36:53+00:00","breadcrumb":{"@id":"https:\/\/northalbaniaboat.com\/privacy-policy\/#breadcrumb"},"inLanguage":"hu","potentialAction":[{"@type":"ReadAction","target":["https:\/\/northalbaniaboat.com\/privacy-policy\/"]}]},{"@type":"BreadcrumbList","@id":"https:\/\/northalbaniaboat.com\/privacy-policy\/#breadcrumb","itemListElement":[{"@type":"ListItem","position":1,"name":"Home","item":"https:\/\/northalbaniaboat.com\/"},{"@type":"ListItem","position":2,"name":"Privacy Policy"}]},{"@type":"WebSite","@id":"https:\/\/northalbaniaboat.com\/#website","url":"https:\/\/northalbaniaboat.com\/","name":"\u00c9szak-Alb\u00e1nia haj\u00f3","description":"L\u00e1togat\u00e1s a Komani-t\u00f3hoz \u00e9s a Shala foly\u00f3hoz szafari cs\u00f3nakkal","publisher":{"@id":"https:\/\/northalbaniaboat.com\/#organization"},"alternateName":"Komani Lake & Shala River Tours","potentialAction":[{"@type":"SearchAction","target":{"@type":"EntryPoint","urlTemplate":"https:\/\/northalbaniaboat.com\/?s={search_term_string}"},"query-input":{"@type":"PropertyValueSpecification","valueRequired":true,"valueName":"search_term_string"}}],"inLanguage":"hu"},{"@type":"Organization","@id":"https:\/\/northalbaniaboat.com\/#organization","name":"\u00c9szak-Alb\u00e1nia haj\u00f3","url":"https:\/\/northalbaniaboat.com\/","logo":{"@type":"ImageObject","inLanguage":"hu","@id":"https:\/\/northalbaniaboat.com\/#\/schema\/logo\/image\/","url":"https:\/\/northalbaniaboat.com\/wp-content\/uploads\/2025\/07\/logo.svg","contentUrl":"https:\/\/northalbaniaboat.com\/wp-content\/uploads\/2025\/07\/logo.svg","width":1280,"height":587,"caption":"North Albania Boat"},"image":{"@id":"https:\/\/northalbaniaboat.com\/#\/schema\/logo\/image\/"},"sameAs":["https:\/\/www.facebook.com\/NorthAlbaniaBoat\/","https:\/\/x.com\/NorthAlbBoat","https:\/\/www.instagram.com\/northalbaniaboat\/","https:\/\/www.youtube.com\/@NorthAlbaniaBoat"]}]}},"_links":{"self":[{"href":"https:\/\/northalbaniaboat.com\/hu\/wp-json\/wp\/v2\/pages\/3","targetHints":{"allow":["GET"]}}],"collection":[{"href":"https:\/\/northalbaniaboat.com\/hu\/wp-json\/wp\/v2\/pages"}],"about":[{"href":"https:\/\/northalbaniaboat.com\/hu\/wp-json\/wp\/v2\/types\/page"}],"author":[{"embeddable":true,"href":"https:\/\/northalbaniaboat.com\/hu\/wp-json\/wp\/v2\/users\/1"}],"replies":[{"embeddable":true,"href":"https:\/\/northalbaniaboat.com\/hu\/wp-json\/wp\/v2\/comments?post=3"}],"version-history":[{"count":2,"href":"https:\/\/northalbaniaboat.com\/hu\/wp-json\/wp\/v2\/pages\/3\/revisions"}],"predecessor-version":[{"id":24821,"href":"https:\/\/northalbaniaboat.com\/hu\/wp-json\/wp\/v2\/pages\/3\/revisions\/24821"}],"wp:attachment":[{"href":"https:\/\/northalbaniaboat.com\/hu\/wp-json\/wp\/v2\/media?parent=3"}],"curies":[{"name":"wp","href":"https:\/\/api.w.org\/{rel}","templated":true}]}}