{"id":523,"date":"2025-07-20T21:52:03","date_gmt":"2025-07-20T21:52:03","guid":{"rendered":"https:\/\/northa.growdevs.com\/index.php\/all-items\/"},"modified":"2025-07-20T21:52:03","modified_gmt":"2025-07-20T21:52:03","slug":"vsechny-polozky","status":"publish","type":"page","link":"https:\/\/northalbaniaboat.com\/cs\/vsechny-polozky\/","title":{"rendered":"All items"},"content":{"rendered":"<div class=\"babe_shortcode_block sc_all_items\" >\n\t\t\t\t\t<div class=\"babe_shortcode_block_bg_inner\">\n\t\t\t\t\t\t<h2 class=\"babe_shortcode_block_title\"><\/h2>\n\t\t\t\t\t\t\n\t\t\t\t\t\t<div class=\"babe_shortcode_block_inner\">\n\t\t\t\t\t\t\t\n           <div class=\"babe_all_items_item block_search_res_grid\">\n\t\t\t\t<div class=\"babe_all_items_item_inner\">\n\t\t\t\t\t<div class=\"item_img related_item_img\">\n\t\t\t\t\t\t<a href=\"https:\/\/northalbaniaboat.com\/cs\/to_book\/plavba-lodi-po-jezere-komani-shala\/\"><img decoding=\"async\" src=\"https:\/\/northalbaniaboat.com\/wp-content\/uploads\/2025\/07\/Komani-Lake-Shala-River-500x500.jpg\"><\/a>\n\t\t\t\t\t<\/div>\n\t\t\t\t\t<div class=\"item_text related_item_text\">\n                        <div class=\"item_title related_item_title\">\n                            <a href=\"https:\/\/northalbaniaboat.com\/cs\/to_book\/plavba-lodi-po-jezere-komani-shala\/\">Denn\u00ed v\u00fdlet lod\u00ed od jezera Komani k \u0159ece Shala<\/a>\n                            \n                        <\/div>\n\t\t\t\t\t\t<div class=\"item_info_price\">\n\t\t\t\t\t\t\t<label>od<\/label>\n\t\t\t\t\t\t\t\n\t\t\t\t\t\t\t<span class=\"item_info_price_new\"><span class=\"currency_amount\" data-amount=\"25\">25.00<span class=\"currency_symbol\">\u20ac<\/span><\/span><\/span>\n                             \n\t\t\t\t\t\t<\/div>\n\t\t\t\t\t\t\n\t\t\t\t\t\t<div class=\"item_description\">\n\t\t\t\t\t\t\t<p data-start=\"7824\" data-end=\"7948\">Za\u017eijte \u00fachvatnou plavbu lod\u00ed od jezera Komani k \u0159ece Shala, kter\u00e1 je jedn\u00edm z...<\/p>\n\t\t\t\t\t\t<\/div>\n\t\t\t\t\t<\/div>\n\t\t\t\t<\/div>\n\t\t\t<\/div>\n            \n           <div class=\"babe_all_items_item block_search_res_grid\">\n\t\t\t\t<div class=\"babe_all_items_item_inner\">\n\t\t\t\t\t<div class=\"item_img related_item_img\">\n\t\t\t\t\t\t<a href=\"https:\/\/northalbaniaboat.com\/cs\/to_book\/shkoder-shala-river-tour\/\"><img decoding=\"async\" src=\"https:\/\/northalbaniaboat.com\/wp-content\/uploads\/2025\/07\/North-Albania-Boat-Our-Boats-30-scaled-1-500x500.jpg\"><\/a>\n\t\t\t\t\t<\/div>\n\t\t\t\t\t<div class=\"item_text related_item_text\">\n                        <div class=\"item_title related_item_title\">\n                            <a href=\"https:\/\/northalbaniaboat.com\/cs\/to_book\/shkoder-shala-river-tour\/\">Denn\u00ed v\u00fdlet lod\u00ed ze Shkoderu na \u0159eku Shalu<\/a>\n                            \n                        <\/div>\n\t\t\t\t\t\t<div class=\"item_info_price\">\n\t\t\t\t\t\t\t<label>od<\/label>\n\t\t\t\t\t\t\t\n\t\t\t\t\t\t\t<span class=\"item_info_price_new\"><span class=\"currency_amount\" data-amount=\"40\">40.00<span class=\"currency_symbol\">\u20ac<\/span><\/span><\/span>\n                             \n\t\t\t\t\t\t<\/div>\n\t\t\t\t\t\t\n\t\t\t\t\t\t<div class=\"item_description\">\n\t\t\t\t\t\t\t<p data-start=\"323\" data-end=\"522\">Shkoder je p\u0159irozenou z\u00e1kladnou pro tuto \u010d\u00e1st Alb\u00e1nie. Proto se zde nach\u00e1z\u00ed...<\/p>\n\t\t\t\t\t\t<\/div>\n\t\t\t\t\t<\/div>\n\t\t\t\t<\/div>\n\t\t\t<\/div>\n            \n           <div class=\"babe_all_items_item block_search_res_grid\">\n\t\t\t\t<div class=\"babe_all_items_item_inner\">\n\t\t\t\t\t<div class=\"item_img related_item_img\">\n\t\t\t\t\t\t<a href=\"https:\/\/northalbaniaboat.com\/cs\/to_book\/reka-lezhe-shala\/\"><img decoding=\"async\" src=\"https:\/\/northalbaniaboat.com\/wp-content\/uploads\/2025\/07\/North-Albania-Boat-Shala-River-3.jpg\"><\/a>\n\t\t\t\t\t<\/div>\n\t\t\t\t\t<div class=\"item_text related_item_text\">\n                        <div class=\"item_title related_item_title\">\n                            <a href=\"https:\/\/northalbaniaboat.com\/cs\/to_book\/reka-lezhe-shala\/\">Denn\u00ed v\u00fdlet lod\u00ed z Lezhe na \u0159eku Shala<\/a>\n                            \n                        <\/div>\n\t\t\t\t\t\t<div class=\"item_info_price\">\n\t\t\t\t\t\t\t<label>od<\/label>\n\t\t\t\t\t\t\t\n\t\t\t\t\t\t\t<span class=\"item_info_price_new\"><span class=\"currency_amount\" data-amount=\"45\">45.00<span class=\"currency_symbol\">\u20ac<\/span><\/span><\/span>\n                             \n\t\t\t\t\t\t<\/div>\n\t\t\t\t\t\t\n\t\t\t\t\t\t<div class=\"item_description\">\n\t\t\t\t\t\t\t<p data-start=\"325\" data-end=\"690\">Tato trasa v\u00e1s zavede z Lezhe k jezeru Komani a pot\u00e9...<\/p>\n\t\t\t\t\t\t<\/div>\n\t\t\t\t\t<\/div>\n\t\t\t\t<\/div>\n\t\t\t<\/div>\n            \n           <div class=\"babe_all_items_item block_search_res_grid\">\n\t\t\t\t<div class=\"babe_all_items_item_inner\">\n\t\t\t\t\t<div class=\"item_img related_item_img\">\n\t\t\t\t\t\t<a href=\"https:\/\/northalbaniaboat.com\/cs\/to_book\/z-tirany-k-rece-shala\/\"><img decoding=\"async\" src=\"https:\/\/northalbaniaboat.com\/wp-content\/uploads\/2025\/07\/berishariver.jpg\"><\/a>\n\t\t\t\t\t<\/div>\n\t\t\t\t\t<div class=\"item_text related_item_text\">\n                        <div class=\"item_title related_item_title\">\n                            <a href=\"https:\/\/northalbaniaboat.com\/cs\/to_book\/z-tirany-k-rece-shala\/\">Denn\u00ed v\u00fdlet lod\u00ed z Tirany na \u0159eku Shala<\/a>\n                            \n                        <\/div>\n\t\t\t\t\t\t<div class=\"item_info_price\">\n\t\t\t\t\t\t\t<label>od<\/label>\n\t\t\t\t\t\t\t\n\t\t\t\t\t\t\t<span class=\"item_info_price_new\"><span class=\"currency_amount\" data-amount=\"50\">50.00<span class=\"currency_symbol\">\u20ac<\/span><\/span><\/span>\n                             \n\t\t\t\t\t\t<\/div>\n\t\t\t\t\t\t\n\t\t\t\t\t\t<div class=\"item_description\">\n\t\t\t\t\t\t\t<p data-start=\"4346\" data-end=\"4482\">Tento z\u00e1jezd v\u00e1s zavede z Tirany k jezeru Komani a pot\u00e9...<\/p>\n\t\t\t\t\t\t<\/div>\n\t\t\t\t\t<\/div>\n\t\t\t\t<\/div>\n\t\t\t<\/div>\n            \n           <div class=\"babe_all_items_item block_search_res_grid\">\n\t\t\t\t<div class=\"babe_all_items_item_inner\">\n\t\t\t\t\t<div class=\"item_img related_item_img\">\n\t\t\t\t\t\t<a href=\"https:\/\/northalbaniaboat.com\/cs\/to_book\/z-mezinarodniho-letiste-v-tirane-k-jezeru-komani-shala-river\/\"><img decoding=\"async\" src=\"https:\/\/northalbaniaboat.com\/wp-content\/uploads\/2025\/07\/IMG_4706-500x500.jpg\"><\/a>\n\t\t\t\t\t<\/div>\n\t\t\t\t\t<div class=\"item_text related_item_text\">\n                        <div class=\"item_title related_item_title\">\n                            <a href=\"https:\/\/northalbaniaboat.com\/cs\/to_book\/z-mezinarodniho-letiste-v-tirane-k-jezeru-komani-shala-river\/\">Denn\u00ed v\u00fdlet lod\u00ed z leti\u0161t\u011b Tirana (TIA) na \u0159eku Shala<\/a>\n                            \n                        <\/div>\n\t\t\t\t\t\t<div class=\"item_info_price\">\n\t\t\t\t\t\t\t<label>od<\/label>\n\t\t\t\t\t\t\t\n\t\t\t\t\t\t\t<span class=\"item_info_price_new\"><span class=\"currency_amount\" data-amount=\"50\">50.00<span class=\"currency_symbol\">\u20ac<\/span><\/span><\/span>\n                             \n\t\t\t\t\t\t<\/div>\n\t\t\t\t\t\t\n\t\t\t\t\t\t<div class=\"item_description\">\n\t\t\t\t\t\t\t<p data-start=\"2443\" data-end=\"2635\">Tento z\u00e1jezd se uskute\u010dn\u00ed p\u0159\u00edmo z mezin\u00e1rodn\u00edho leti\u0161t\u011b v Tiran\u011b (Rinas) do...<\/p>\n\t\t\t\t\t\t<\/div>\n\t\t\t\t\t<\/div>\n\t\t\t\t<\/div>\n\t\t\t<\/div>\n            \n           <div class=\"babe_all_items_item block_search_res_grid\">\n\t\t\t\t<div class=\"babe_all_items_item_inner\">\n\t\t\t\t\t<div class=\"item_img related_item_img\">\n\t\t\t\t\t\t<a href=\"https:\/\/northalbaniaboat.com\/cs\/to_book\/reka-durres-shala\/\"><img decoding=\"async\" src=\"https:\/\/northalbaniaboat.com\/wp-content\/uploads\/2025\/07\/WhatsApp-Image-2025-12-18-at-2.54.52-PM-500x500.jpeg\"><\/a>\n\t\t\t\t\t<\/div>\n\t\t\t\t\t<div class=\"item_text related_item_text\">\n                        <div class=\"item_title related_item_title\">\n                            <a href=\"https:\/\/northalbaniaboat.com\/cs\/to_book\/reka-durres-shala\/\">Denn\u00ed v\u00fdlet lod\u00ed z Durresu na \u0159eku Shala<\/a>\n                            \n                        <\/div>\n\t\t\t\t\t\t<div class=\"item_info_price\">\n\t\t\t\t\t\t\t<label>od<\/label>\n\t\t\t\t\t\t\t\n\t\t\t\t\t\t\t<span class=\"item_info_price_new\"><span class=\"currency_amount\" data-amount=\"55\">55.00<span class=\"currency_symbol\">\u20ac<\/span><\/span><\/span>\n                             \n\t\t\t\t\t\t<\/div>\n\t\t\t\t\t\t\n\t\t\t\t\t\t<div class=\"item_description\">\n\t\t\t\t\t\t\t<p data-start=\"9520\" data-end=\"9657\">Tento z\u00e1jezd vede z Durresu k jezeru Komani a...<\/p>\n\t\t\t\t\t\t<\/div>\n\t\t\t\t\t<\/div>\n\t\t\t\t<\/div>\n\t\t\t<\/div>\n            \n           <div class=\"babe_all_items_item block_search_res_grid\">\n\t\t\t\t<div class=\"babe_all_items_item_inner\">\n\t\t\t\t\t<div class=\"item_img related_item_img\">\n\t\t\t\t\t\t<a href=\"https:\/\/northalbaniaboat.com\/cs\/to_book\/soukromy-taxi-transfer\/\"><img decoding=\"async\" src=\"https:\/\/northalbaniaboat.com\/wp-content\/uploads\/2025\/07\/north-albania-boat-taxi-komani-lake-transfer-500x500.jpg\"><\/a>\n\t\t\t\t\t<\/div>\n\t\t\t\t\t<div class=\"item_text related_item_text\">\n                        <div class=\"item_title related_item_title\">\n                            <a href=\"https:\/\/northalbaniaboat.com\/cs\/to_book\/soukromy-taxi-transfer\/\">Taxi transfer k jezeru Komani z Shkoder, Tirana, Lezhe, Durres a TIA<\/a>\n                            \n                        <\/div>\n\t\t\t\t\t\t<div class=\"item_info_price\">\n\t\t\t\t\t\t\t<label>od<\/label>\n\t\t\t\t\t\t\t\n\t\t\t\t\t\t\t<span class=\"item_info_price_new\"><span class=\"currency_amount\" data-amount=\"100\">100.00<span class=\"currency_symbol\">\u20ac<\/span><\/span><\/span>\n                             \n\t\t\t\t\t\t<\/div>\n\t\t\t\t\t\t\n\t\t\t\t\t\t<div class=\"item_description\">\n\t\t\t\t\t\t\tCestujte k jezeru Koman jednodu\u0161e, s priv\u00e1tn\u00ed celodenn\u00ed taxislu\u017ebou...\n\t\t\t\t\t\t<\/div>\n\t\t\t\t\t<\/div>\n\t\t\t\t<\/div>\n\t\t\t<\/div>\n            \n           <div class=\"babe_all_items_item block_search_res_grid\">\n\t\t\t\t<div class=\"babe_all_items_item_inner\">\n\t\t\t\t\t<div class=\"item_img related_item_img\">\n\t\t\t\t\t\t<a href=\"https:\/\/northalbaniaboat.com\/cs\/to_book\/soukroma-prohlidka-od-jezera-koman-k-rece-shala\/\"><img decoding=\"async\" src=\"https:\/\/northalbaniaboat.com\/wp-content\/uploads\/2024\/11\/North-Albania-Boat-Komani-Lake-11-500x500.jpg\"><\/a>\n\t\t\t\t\t<\/div>\n\t\t\t\t\t<div class=\"item_text related_item_text\">\n                        <div class=\"item_title related_item_title\">\n                            <a href=\"https:\/\/northalbaniaboat.com\/cs\/to_book\/soukroma-prohlidka-od-jezera-koman-k-rece-shala\/\">Soukrom\u00e1 plavba lod\u00ed od jezera Komani k \u0159ece Shala<\/a>\n                            \n                        <\/div>\n\t\t\t\t\t\t<div class=\"item_info_price\">\n\t\t\t\t\t\t\t<label>od<\/label>\n\t\t\t\t\t\t\t\n\t\t\t\t\t\t\t<span class=\"item_info_price_new\"><span class=\"currency_amount\" data-amount=\"250\">250.00<span class=\"currency_symbol\">\u20ac<\/span><\/span><\/span>\n                             \n\t\t\t\t\t\t<\/div>\n\t\t\t\t\t\t\n\t\t\t\t\t\t<div class=\"item_description\">\n\t\t\t\t\t\t\t<p data-start=\"6089\" data-end=\"6269\">Nab\u00edz\u00edme soukromou plavbu lod\u00ed z jezera Komani do Shala...<\/p>\n\t\t\t\t\t\t<\/div>\n\t\t\t\t\t<\/div>\n\t\t\t\t<\/div>\n\t\t\t<\/div>\n            \n\t\t\t\t\t\t<\/div>\n\t\t\t\t\t<\/div>\n\t\t\t\t<\/div>","protected":false},"excerpt":{"rendered":"","protected":false},"author":1,"featured_media":0,"parent":0,"menu_order":0,"comment_status":"closed","ping_status":"closed","template":"","meta":{"_acf_changed":false,"inline_featured_image":false,"footnotes":""},"class_list":["post-523","page","type-page","status-publish"],"acf":[],"yoast_head":"<!-- This site is optimized with the Yoast SEO plugin v26.3 - https:\/\/yoast.com\/wordpress\/plugins\/seo\/ -->\n<title>All items - North Albania Boat<\/title>\n<meta name=\"robots\" content=\"index, follow, max-snippet:-1, max-image-preview:large, max-video-preview:-1\" \/>\n<link rel=\"canonical\" href=\"https:\/\/northalbaniaboat.com\/cs\/vsechny-polozky\/\" \/>\n<meta property=\"og:locale\" content=\"cs_CZ\" \/>\n<meta property=\"og:type\" content=\"article\" \/>\n<meta property=\"og:title\" content=\"All items - North Albania Boat\" \/>\n<meta property=\"og:url\" content=\"https:\/\/northalbaniaboat.com\/cs\/vsechny-polozky\/\" \/>\n<meta property=\"og:site_name\" content=\"North Albania Boat\" \/>\n<meta property=\"article:publisher\" content=\"https:\/\/www.facebook.com\/NorthAlbaniaBoat\/\" \/>\n<meta property=\"og:image\" content=\"https:\/\/northalbaniaboat.com\/wp-content\/uploads\/2025\/07\/north-albania-slide-hq-scaled-1.jpg\" \/>\n\t<meta property=\"og:image:width\" content=\"2560\" \/>\n\t<meta property=\"og:image:height\" content=\"1465\" \/>\n\t<meta property=\"og:image:type\" content=\"image\/jpeg\" \/>\n<meta name=\"twitter:card\" content=\"summary_large_image\" \/>\n<meta name=\"twitter:site\" content=\"@NorthAlbBoat\" \/>\n<script type=\"application\/ld+json\" class=\"yoast-schema-graph\">{\"@context\":\"https:\/\/schema.org\",\"@graph\":[{\"@type\":\"WebPage\",\"@id\":\"https:\/\/northalbaniaboat.com\/all-items\/\",\"url\":\"https:\/\/northalbaniaboat.com\/all-items\/\",\"name\":\"All items - North Albania Boat\",\"isPartOf\":{\"@id\":\"https:\/\/northalbaniaboat.com\/#website\"},\"datePublished\":\"2025-07-20T21:52:03+00:00\",\"breadcrumb\":{\"@id\":\"https:\/\/northalbaniaboat.com\/all-items\/#breadcrumb\"},\"inLanguage\":\"cs\",\"potentialAction\":[{\"@type\":\"ReadAction\",\"target\":[\"https:\/\/northalbaniaboat.com\/all-items\/\"]}]},{\"@type\":\"BreadcrumbList\",\"@id\":\"https:\/\/northalbaniaboat.com\/all-items\/#breadcrumb\",\"itemListElement\":[{\"@type\":\"ListItem\",\"position\":1,\"name\":\"Home\",\"item\":\"https:\/\/northalbaniaboat.com\/\"},{\"@type\":\"ListItem\",\"position\":2,\"name\":\"All items\"}]},{\"@type\":\"WebSite\",\"@id\":\"https:\/\/northalbaniaboat.com\/#website\",\"url\":\"https:\/\/northalbaniaboat.com\/\",\"name\":\"North Albania Boat\",\"description\":\"Visit Komani Lake and Shala River by Safari Boat\",\"publisher\":{\"@id\":\"https:\/\/northalbaniaboat.com\/#organization\"},\"alternateName\":\"Komani Lake & Shala River Tours\",\"potentialAction\":[{\"@type\":\"SearchAction\",\"target\":{\"@type\":\"EntryPoint\",\"urlTemplate\":\"https:\/\/northalbaniaboat.com\/?s={search_term_string}\"},\"query-input\":{\"@type\":\"PropertyValueSpecification\",\"valueRequired\":true,\"valueName\":\"search_term_string\"}}],\"inLanguage\":\"cs\"},{\"@type\":\"Organization\",\"@id\":\"https:\/\/northalbaniaboat.com\/#organization\",\"name\":\"North Albania Boat\",\"url\":\"https:\/\/northalbaniaboat.com\/\",\"logo\":{\"@type\":\"ImageObject\",\"inLanguage\":\"cs\",\"@id\":\"https:\/\/northalbaniaboat.com\/#\/schema\/logo\/image\/\",\"url\":\"https:\/\/northalbaniaboat.com\/wp-content\/uploads\/2025\/07\/logo.svg\",\"contentUrl\":\"https:\/\/northalbaniaboat.com\/wp-content\/uploads\/2025\/07\/logo.svg\",\"width\":1280,\"height\":587,\"caption\":\"North Albania Boat\"},\"image\":{\"@id\":\"https:\/\/northalbaniaboat.com\/#\/schema\/logo\/image\/\"},\"sameAs\":[\"https:\/\/www.facebook.com\/NorthAlbaniaBoat\/\",\"https:\/\/x.com\/NorthAlbBoat\",\"https:\/\/www.instagram.com\/northalbaniaboat\/\",\"https:\/\/www.youtube.com\/@NorthAlbaniaBoat\"]}]}<\/script>\n<!-- \/ Yoast SEO plugin. -->","yoast_head_json":{"title":"V\u0161echny polo\u017eky - Severn\u00ed Alb\u00e1nie","robots":{"index":"index","follow":"follow","max-snippet":"max-snippet:-1","max-image-preview":"max-image-preview:large","max-video-preview":"max-video-preview:-1"},"canonical":"https:\/\/northalbaniaboat.com\/cs\/vsechny-polozky\/","og_locale":"cs_CZ","og_type":"article","og_title":"All items - North Albania Boat","og_url":"https:\/\/northalbaniaboat.com\/cs\/vsechny-polozky\/","og_site_name":"North Albania Boat","article_publisher":"https:\/\/www.facebook.com\/NorthAlbaniaBoat\/","og_image":[{"width":2560,"height":1465,"url":"https:\/\/northalbaniaboat.com\/wp-content\/uploads\/2025\/07\/north-albania-slide-hq-scaled-1.jpg","type":"image\/jpeg"}],"twitter_card":"summary_large_image","twitter_site":"@NorthAlbBoat","schema":{"@context":"https:\/\/schema.org","@graph":[{"@type":"WebPage","@id":"https:\/\/northalbaniaboat.com\/all-items\/","url":"https:\/\/northalbaniaboat.com\/all-items\/","name":"V\u0161echny polo\u017eky - Severn\u00ed Alb\u00e1nie","isPartOf":{"@id":"https:\/\/northalbaniaboat.com\/#website"},"datePublished":"2025-07-20T21:52:03+00:00","breadcrumb":{"@id":"https:\/\/northalbaniaboat.com\/all-items\/#breadcrumb"},"inLanguage":"cs","potentialAction":[{"@type":"ReadAction","target":["https:\/\/northalbaniaboat.com\/all-items\/"]}]},{"@type":"BreadcrumbList","@id":"https:\/\/northalbaniaboat.com\/all-items\/#breadcrumb","itemListElement":[{"@type":"ListItem","position":1,"name":"Home","item":"https:\/\/northalbaniaboat.com\/"},{"@type":"ListItem","position":2,"name":"All items"}]},{"@type":"WebSite","@id":"https:\/\/northalbaniaboat.com\/#website","url":"https:\/\/northalbaniaboat.com\/","name":"Severn\u00ed Alb\u00e1nie Lo\u010f","description":"N\u00e1v\u0161t\u011bva jezera Komani a \u0159eky Shala na safari lodi","publisher":{"@id":"https:\/\/northalbaniaboat.com\/#organization"},"alternateName":"Komani Lake & Shala River Tours","potentialAction":[{"@type":"SearchAction","target":{"@type":"EntryPoint","urlTemplate":"https:\/\/northalbaniaboat.com\/?s={search_term_string}"},"query-input":{"@type":"PropertyValueSpecification","valueRequired":true,"valueName":"search_term_string"}}],"inLanguage":"cs"},{"@type":"Organization","@id":"https:\/\/northalbaniaboat.com\/#organization","name":"Severn\u00ed Alb\u00e1nie Lo\u010f","url":"https:\/\/northalbaniaboat.com\/","logo":{"@type":"ImageObject","inLanguage":"cs","@id":"https:\/\/northalbaniaboat.com\/#\/schema\/logo\/image\/","url":"https:\/\/northalbaniaboat.com\/wp-content\/uploads\/2025\/07\/logo.svg","contentUrl":"https:\/\/northalbaniaboat.com\/wp-content\/uploads\/2025\/07\/logo.svg","width":1280,"height":587,"caption":"North Albania Boat"},"image":{"@id":"https:\/\/northalbaniaboat.com\/#\/schema\/logo\/image\/"},"sameAs":["https:\/\/www.facebook.com\/NorthAlbaniaBoat\/","https:\/\/x.com\/NorthAlbBoat","https:\/\/www.instagram.com\/northalbaniaboat\/","https:\/\/www.youtube.com\/@NorthAlbaniaBoat"]}]}},"_links":{"self":[{"href":"https:\/\/northalbaniaboat.com\/cs\/wp-json\/wp\/v2\/pages\/523","targetHints":{"allow":["GET"]}}],"collection":[{"href":"https:\/\/northalbaniaboat.com\/cs\/wp-json\/wp\/v2\/pages"}],"about":[{"href":"https:\/\/northalbaniaboat.com\/cs\/wp-json\/wp\/v2\/types\/page"}],"author":[{"embeddable":true,"href":"https:\/\/northalbaniaboat.com\/cs\/wp-json\/wp\/v2\/users\/1"}],"replies":[{"embeddable":true,"href":"https:\/\/northalbaniaboat.com\/cs\/wp-json\/wp\/v2\/comments?post=523"}],"version-history":[{"count":0,"href":"https:\/\/northalbaniaboat.com\/cs\/wp-json\/wp\/v2\/pages\/523\/revisions"}],"wp:attachment":[{"href":"https:\/\/northalbaniaboat.com\/cs\/wp-json\/wp\/v2\/media?parent=523"}],"curies":[{"name":"wp","href":"https:\/\/api.w.org\/{rel}","templated":true}]}}